{"id":305044,"date":"2025-07-21T06:57:20","date_gmt":"2025-07-21T04:57:20","guid":{"rendered":"https:\/\/trade-mueller-dev.startupblitz.de\/shop\/uncategorized\/pantalon-unisexe-entretien\/"},"modified":"2025-07-21T07:00:16","modified_gmt":"2025-07-21T05:00:16","slug":"pantalon-unisexe-entretien","status":"publish","type":"product","link":"https:\/\/trade-mueller-dev.startupblitz.de\/fr\/shop\/wellness-spa-fr\/pantalons-ws-fr\/pantalon-unisexe-entretien\/","title":{"rendered":"Pantalon unisexe Entretien"},"content":{"rendered":"<p>Pantalon unisex \u00e0 enfiler RF Care Coupe classique, taille \u00e9lastique avec cordon de serrage, 2 poches \u00e0 rabat, 1 poche int\u00e9gr\u00e9e pour t\u00e9l\u00e9phone portable, 2 poches plaqu\u00e9es, bande \u00e9lastique r\u00e9glable \u00e0 l&rsquo;ourlet, entrejambe 80 cm | Taille M. \u00b7Tissu : 50 % lyoc<\/p>\n","protected":false},"excerpt":{"rendered":"<p>Pantalon unisex \u00e0 enfiler RF Care Coupe classique, taille \u00e9lastique avec cordon de serrage, 2 poches \u00e0 rabat, 1 poche int\u00e9gr\u00e9e pour t\u00e9l\u00e9phone portable, 2 poches plaqu\u00e9es, bande \u00e9lastique r\u00e9glable \u00e0 l&rsquo;ourlet, entrejambe 80 cm | Taille M. \u00b7Tissu : 50 % lyoc [&#8230;]<\/p>\n<p><a class=\"btn btn-secondary understrap-read-more-link\" href=\"https:\/\/trade-mueller-dev.startupblitz.de\/fr\/shop\/wellness-spa-fr\/pantalons-ws-fr\/pantalon-unisexe-entretien\/\">plus<span class=\"screen-reader-text\"> from Pantalon unisexe Entretien<\/span><\/a><\/p>\n","protected":false},"featured_media":281685,"template":"","meta":{"_acf_changed":false,"inline_featured_image":false},"pwb-brand":[4547],"product_brand":[],"product_cat":[3360,1262,3358,384,394,396,465,466,3444,3445,3501,3502,35,522,475,477,476,3454,3456,3455],"product_tag":[],"class_list":{"0":"post-305044","1":"product","2":"type-product","3":"status-publish","4":"has-post-thumbnail","6":"pwb-brand-greiff-fr","7":"product_cat-chinos-pantalons-en-tissu-all","8":"product_cat-tout","9":"product_cat-pantalons","10":"product_cat-all","11":"product_cat-pants","12":"product_cat-chinos-all","13":"product_cat-housekeeping","14":"product_cat-hsk-pants","15":"product_cat-housekeeping-fr","16":"product_cat-pantalons-hsk-fr","17":"product_cat-wellness-spa-fr","18":"product_cat-pantalons-ws-fr","19":"product_cat-wellness-spa","20":"product_cat-ws-pants","21":"product_cat-medical","22":"product_cat-chinos-ff","23":"product_cat-ff-trousers","24":"product_cat-medical-fr","25":"product_cat-chinos-ff-fr","26":"product_cat-pantalons-ff-fr","27":"pa_color-010-noir","28":"pa_color-022-bleu-fonce","29":"pa_color-090-blanc","30":"pa_fit-regular-fit","31":"pa_gender-default-2","32":"pa_size-international-3xl-fr","33":"pa_size-international-4xl-fr","34":"pa_size-international-l-fr","35":"pa_size-international-m-fr","36":"pa_size-international-s-fr","37":"pa_size-international-xl-fr","38":"pa_size-international-xs-fr","39":"pa_size-international-xxl-fr","41":"","42":"instock","43":"sold-individually","44":"taxable","45":"shipping-taxable","46":"purchasable","47":"product-type-variable"},"acf":[],"yoast_head":"<title>Pantalon unisexe Entretien - M\u00dcLLER TRADE<\/title>\n<meta name=\"description\" content=\"Pantalon unisexe Entretien - M\u00dcLLER TRADE\" \/>\n<meta name=\"robots\" content=\"noindex, follow, max-snippet:-1, max-image-preview:large, max-video-preview:-1\" \/>\n<meta property=\"og:locale\" content=\"fr_FR\" \/>\n<meta property=\"og:type\" content=\"article\" \/>\n<meta property=\"og:title\" content=\"Pantalon unisexe Entretien - M\u00dcLLER TRADE\" \/>\n<meta property=\"og:description\" content=\"Pantalon unisexe Entretien - M\u00dcLLER TRADE\" \/>\n<meta property=\"og:url\" content=\"https:\/\/trade-mueller-dev.startupblitz.de\/fr\/shop\/wellness-spa-fr\/pantalons-ws-fr\/pantalon-unisexe-entretien\/\" \/>\n<meta property=\"og:site_name\" content=\"M\u00dcLLER TRADE\" \/>\n<meta property=\"article:modified_time\" content=\"2025-07-21T05:00:16+00:00\" \/>\n<meta property=\"og:image\" content=\"https:\/\/trade-mueller-dev.startupblitz.de\/wp-content\/uploads\/sites\/2\/21011_6560_022.jpg\" \/>\n\t<meta property=\"og:image:width\" content=\"1500\" \/>\n\t<meta property=\"og:image:height\" content=\"2275\" \/>\n\t<meta property=\"og:image:type\" content=\"image\/jpeg\" \/>\n<meta name=\"twitter:card\" content=\"summary_large_image\" \/>\n<script type=\"application\/ld+json\" class=\"yoast-schema-graph\">{\"@context\":\"https:\/\/schema.org\",\"@graph\":[{\"@type\":\"WebPage\",\"@id\":\"https:\/\/trade-mueller-dev.startupblitz.de\/fr\/shop\/wellness-spa-fr\/pantalons-ws-fr\/pantalon-unisexe-entretien\/\",\"url\":\"https:\/\/trade-mueller-dev.startupblitz.de\/fr\/shop\/wellness-spa-fr\/pantalons-ws-fr\/pantalon-unisexe-entretien\/\",\"name\":\"Pantalon unisexe Entretien - M\u00dcLLER TRADE\",\"isPartOf\":{\"@id\":\"https:\/\/trade-mueller-dev.startupblitz.de\/fr\/#website\"},\"primaryImageOfPage\":{\"@id\":\"https:\/\/trade-mueller-dev.startupblitz.de\/fr\/shop\/wellness-spa-fr\/pantalons-ws-fr\/pantalon-unisexe-entretien\/#primaryimage\"},\"image\":{\"@id\":\"https:\/\/trade-mueller-dev.startupblitz.de\/fr\/shop\/wellness-spa-fr\/pantalons-ws-fr\/pantalon-unisexe-entretien\/#primaryimage\"},\"thumbnailUrl\":\"https:\/\/trade-mueller-dev.startupblitz.de\/wp-content\/uploads\/sites\/2\/21011_6560_022.jpg\",\"datePublished\":\"2025-07-21T04:57:20+00:00\",\"dateModified\":\"2025-07-21T05:00:16+00:00\",\"description\":\"Pantalon unisexe Entretien - M\u00dcLLER TRADE\",\"breadcrumb\":{\"@id\":\"https:\/\/trade-mueller-dev.startupblitz.de\/fr\/shop\/wellness-spa-fr\/pantalons-ws-fr\/pantalon-unisexe-entretien\/#breadcrumb\"},\"inLanguage\":\"fr-FR\",\"potentialAction\":[{\"@type\":\"ReadAction\",\"target\":[\"https:\/\/trade-mueller-dev.startupblitz.de\/fr\/shop\/wellness-spa-fr\/pantalons-ws-fr\/pantalon-unisexe-entretien\/\"]}]},{\"@type\":\"ImageObject\",\"inLanguage\":\"fr-FR\",\"@id\":\"https:\/\/trade-mueller-dev.startupblitz.de\/fr\/shop\/wellness-spa-fr\/pantalons-ws-fr\/pantalon-unisexe-entretien\/#primaryimage\",\"url\":\"https:\/\/trade-mueller-dev.startupblitz.de\/wp-content\/uploads\/sites\/2\/21011_6560_022.jpg\",\"contentUrl\":\"https:\/\/trade-mueller-dev.startupblitz.de\/wp-content\/uploads\/sites\/2\/21011_6560_022.jpg\",\"width\":1500,\"height\":2275},{\"@type\":\"BreadcrumbList\",\"@id\":\"https:\/\/trade-mueller-dev.startupblitz.de\/fr\/shop\/wellness-spa-fr\/pantalons-ws-fr\/pantalon-unisexe-entretien\/#breadcrumb\",\"itemListElement\":[{\"@type\":\"ListItem\",\"position\":1,\"name\":\"Startseite\",\"item\":\"https:\/\/trade-mueller-dev.startupblitz.de\/fr\/\"},{\"@type\":\"ListItem\",\"position\":2,\"name\":\"Shop\",\"item\":\"https:\/\/trade-mueller-dev.startupblitz.de\/fr\/shop\/\"},{\"@type\":\"ListItem\",\"position\":3,\"name\":\"Pantalon unisexe Entretien\"}]},{\"@type\":\"WebSite\",\"@id\":\"https:\/\/trade-mueller-dev.startupblitz.de\/fr\/#website\",\"url\":\"https:\/\/trade-mueller-dev.startupblitz.de\/fr\/\",\"name\":\"M\u00fcller Trade\",\"description\":\"IHR B2B SHOP F\u00dcR BERUFSBEKLEIDUNG\",\"publisher\":{\"@id\":\"https:\/\/trade-mueller-dev.startupblitz.de\/fr\/#organization\"},\"potentialAction\":[{\"@type\":\"SearchAction\",\"target\":{\"@type\":\"EntryPoint\",\"urlTemplate\":\"https:\/\/trade-mueller-dev.startupblitz.de\/fr\/?s={search_term_string}\"},\"query-input\":{\"@type\":\"PropertyValueSpecification\",\"valueRequired\":true,\"valueName\":\"search_term_string\"}}],\"inLanguage\":\"fr-FR\"},{\"@type\":\"Organization\",\"@id\":\"https:\/\/trade-mueller-dev.startupblitz.de\/fr\/#organization\",\"name\":\"M\u00fcller Trade Corporate Clothing\",\"url\":\"https:\/\/trade-mueller-dev.startupblitz.de\/fr\/\",\"logo\":{\"@type\":\"ImageObject\",\"inLanguage\":\"fr-FR\",\"@id\":\"https:\/\/trade-mueller-dev.startupblitz.de\/fr\/#\/schema\/logo\/image\/\",\"url\":\"https:\/\/trade-mueller-dev.startupblitz.de\/wp-content\/uploads\/sites\/2\/cropped-cropped-mt-icon.png\",\"contentUrl\":\"https:\/\/trade-mueller-dev.startupblitz.de\/wp-content\/uploads\/sites\/2\/cropped-cropped-mt-icon.png\",\"width\":512,\"height\":512,\"caption\":\"M\u00fcller Trade Corporate Clothing\"},\"image\":{\"@id\":\"https:\/\/trade-mueller-dev.startupblitz.de\/fr\/#\/schema\/logo\/image\/\"}}]}<\/script>","yoast_head_json":{"title":"Pantalon unisexe Entretien - M\u00dcLLER TRADE","description":"Pantalon unisexe Entretien - M\u00dcLLER TRADE","robots":{"index":"noindex","follow":"follow","max-snippet":"max-snippet:-1","max-image-preview":"max-image-preview:large","max-video-preview":"max-video-preview:-1"},"og_locale":"fr_FR","og_type":"article","og_title":"Pantalon unisexe Entretien - M\u00dcLLER TRADE","og_description":"Pantalon unisexe Entretien - M\u00dcLLER TRADE","og_url":"https:\/\/trade-mueller-dev.startupblitz.de\/fr\/shop\/wellness-spa-fr\/pantalons-ws-fr\/pantalon-unisexe-entretien\/","og_site_name":"M\u00dcLLER TRADE","article_modified_time":"2025-07-21T05:00:16+00:00","og_image":[{"width":1500,"height":2275,"url":"https:\/\/trade-mueller-dev.startupblitz.de\/wp-content\/uploads\/sites\/2\/21011_6560_022.jpg","type":"image\/jpeg"}],"twitter_card":"summary_large_image","schema":{"@context":"https:\/\/schema.org","@graph":[{"@type":"WebPage","@id":"https:\/\/trade-mueller-dev.startupblitz.de\/fr\/shop\/wellness-spa-fr\/pantalons-ws-fr\/pantalon-unisexe-entretien\/","url":"https:\/\/trade-mueller-dev.startupblitz.de\/fr\/shop\/wellness-spa-fr\/pantalons-ws-fr\/pantalon-unisexe-entretien\/","name":"Pantalon unisexe Entretien - M\u00dcLLER TRADE","isPartOf":{"@id":"https:\/\/trade-mueller-dev.startupblitz.de\/fr\/#website"},"primaryImageOfPage":{"@id":"https:\/\/trade-mueller-dev.startupblitz.de\/fr\/shop\/wellness-spa-fr\/pantalons-ws-fr\/pantalon-unisexe-entretien\/#primaryimage"},"image":{"@id":"https:\/\/trade-mueller-dev.startupblitz.de\/fr\/shop\/wellness-spa-fr\/pantalons-ws-fr\/pantalon-unisexe-entretien\/#primaryimage"},"thumbnailUrl":"https:\/\/trade-mueller-dev.startupblitz.de\/wp-content\/uploads\/sites\/2\/21011_6560_022.jpg","datePublished":"2025-07-21T04:57:20+00:00","dateModified":"2025-07-21T05:00:16+00:00","description":"Pantalon unisexe Entretien - M\u00dcLLER TRADE","breadcrumb":{"@id":"https:\/\/trade-mueller-dev.startupblitz.de\/fr\/shop\/wellness-spa-fr\/pantalons-ws-fr\/pantalon-unisexe-entretien\/#breadcrumb"},"inLanguage":"fr-FR","potentialAction":[{"@type":"ReadAction","target":["https:\/\/trade-mueller-dev.startupblitz.de\/fr\/shop\/wellness-spa-fr\/pantalons-ws-fr\/pantalon-unisexe-entretien\/"]}]},{"@type":"ImageObject","inLanguage":"fr-FR","@id":"https:\/\/trade-mueller-dev.startupblitz.de\/fr\/shop\/wellness-spa-fr\/pantalons-ws-fr\/pantalon-unisexe-entretien\/#primaryimage","url":"https:\/\/trade-mueller-dev.startupblitz.de\/wp-content\/uploads\/sites\/2\/21011_6560_022.jpg","contentUrl":"https:\/\/trade-mueller-dev.startupblitz.de\/wp-content\/uploads\/sites\/2\/21011_6560_022.jpg","width":1500,"height":2275},{"@type":"BreadcrumbList","@id":"https:\/\/trade-mueller-dev.startupblitz.de\/fr\/shop\/wellness-spa-fr\/pantalons-ws-fr\/pantalon-unisexe-entretien\/#breadcrumb","itemListElement":[{"@type":"ListItem","position":1,"name":"Startseite","item":"https:\/\/trade-mueller-dev.startupblitz.de\/fr\/"},{"@type":"ListItem","position":2,"name":"Shop","item":"https:\/\/trade-mueller-dev.startupblitz.de\/fr\/shop\/"},{"@type":"ListItem","position":3,"name":"Pantalon unisexe Entretien"}]},{"@type":"WebSite","@id":"https:\/\/trade-mueller-dev.startupblitz.de\/fr\/#website","url":"https:\/\/trade-mueller-dev.startupblitz.de\/fr\/","name":"M\u00fcller Trade","description":"IHR B2B SHOP F\u00dcR BERUFSBEKLEIDUNG","publisher":{"@id":"https:\/\/trade-mueller-dev.startupblitz.de\/fr\/#organization"},"potentialAction":[{"@type":"SearchAction","target":{"@type":"EntryPoint","urlTemplate":"https:\/\/trade-mueller-dev.startupblitz.de\/fr\/?s={search_term_string}"},"query-input":{"@type":"PropertyValueSpecification","valueRequired":true,"valueName":"search_term_string"}}],"inLanguage":"fr-FR"},{"@type":"Organization","@id":"https:\/\/trade-mueller-dev.startupblitz.de\/fr\/#organization","name":"M\u00fcller Trade Corporate Clothing","url":"https:\/\/trade-mueller-dev.startupblitz.de\/fr\/","logo":{"@type":"ImageObject","inLanguage":"fr-FR","@id":"https:\/\/trade-mueller-dev.startupblitz.de\/fr\/#\/schema\/logo\/image\/","url":"https:\/\/trade-mueller-dev.startupblitz.de\/wp-content\/uploads\/sites\/2\/cropped-cropped-mt-icon.png","contentUrl":"https:\/\/trade-mueller-dev.startupblitz.de\/wp-content\/uploads\/sites\/2\/cropped-cropped-mt-icon.png","width":512,"height":512,"caption":"M\u00fcller Trade Corporate Clothing"},"image":{"@id":"https:\/\/trade-mueller-dev.startupblitz.de\/fr\/#\/schema\/logo\/image\/"}}]}},"brands":[{"id":4547,"name":"Greiff","slug":"greiff-fr"}],"_links":{"self":[{"href":"https:\/\/trade-mueller-dev.startupblitz.de\/fr\/wp-json\/wp\/v2\/product\/305044","targetHints":{"allow":["GET"]}}],"collection":[{"href":"https:\/\/trade-mueller-dev.startupblitz.de\/fr\/wp-json\/wp\/v2\/product"}],"about":[{"href":"https:\/\/trade-mueller-dev.startupblitz.de\/fr\/wp-json\/wp\/v2\/types\/product"}],"wp:featuredmedia":[{"embeddable":true,"href":"https:\/\/trade-mueller-dev.startupblitz.de\/fr\/wp-json\/wp\/v2\/media\/281685"}],"wp:attachment":[{"href":"https:\/\/trade-mueller-dev.startupblitz.de\/fr\/wp-json\/wp\/v2\/media?parent=305044"}],"wp:term":[{"taxonomy":"pwb-brand","embeddable":true,"href":"https:\/\/trade-mueller-dev.startupblitz.de\/fr\/wp-json\/wp\/v2\/pwb-brand?post=305044"},{"taxonomy":"product_brand","embeddable":true,"href":"https:\/\/trade-mueller-dev.startupblitz.de\/fr\/wp-json\/wp\/v2\/product_brand?post=305044"},{"taxonomy":"product_cat","embeddable":true,"href":"https:\/\/trade-mueller-dev.startupblitz.de\/fr\/wp-json\/wp\/v2\/product_cat?post=305044"},{"taxonomy":"product_tag","embeddable":true,"href":"https:\/\/trade-mueller-dev.startupblitz.de\/fr\/wp-json\/wp\/v2\/product_tag?post=305044"}],"curies":[{"name":"wp","href":"https:\/\/api.w.org\/{rel}","templated":true}]}}