{"id":299408,"date":"2025-07-19T05:17:52","date_gmt":"2025-07-19T03:17:52","guid":{"rendered":"https:\/\/trade-mueller-dev.startupblitz.de\/shop\/uncategorized\/veste-de-cuisine-d-kochjacke-stoffknoepf-rf\/"},"modified":"2025-07-19T05:18:32","modified_gmt":"2025-07-19T03:18:32","slug":"veste-de-cuisine-d-kochjacke-stoffknoepf-rf","status":"publish","type":"product","link":"https:\/\/trade-mueller-dev.startupblitz.de\/fr\/shop\/service-cuisine-fr\/vetements-cuisine-sk-fr\/vestes-cuisine-sk-fr\/veste-de-cuisine-d-kochjacke-stoffknoepf-rf\/","title":{"rendered":"Veste de cuisine D-Kochjacke Stoffkn\u00f6pf RF"},"content":{"rendered":"<p>Veste de chef pour femme avec boutons en tissu RF Coupe classique, boutons en tissu faits main, poche sur la manche avec logo, trous d&rsquo;a\u00e9ration, coutures viennoises \u00e0 l&rsquo;avant et \u00e0 l&rsquo;arri\u00e8re. \u00b7Tissu : 49 % polyester, 49 % coton, 2 % \u00e9lastol\u00e9fine, 190 g\/m\u00b2<\/p>\n","protected":false},"excerpt":{"rendered":"<p>Veste de chef pour femme avec boutons en tissu RF Coupe classique, boutons en tissu faits main, poche sur la manche avec logo, trous d&rsquo;a\u00e9ration, coutures viennoises \u00e0 l&rsquo;avant et \u00e0 l&rsquo;arri\u00e8re. \u00b7Tissu : 49 % polyester, 49 % coton, 2 % \u00e9lastol\u00e9fine, 190 g\/m\u00b2 [&#8230;]<\/p>\n<p><a class=\"btn btn-secondary understrap-read-more-link\" href=\"https:\/\/trade-mueller-dev.startupblitz.de\/fr\/shop\/service-cuisine-fr\/vetements-cuisine-sk-fr\/vestes-cuisine-sk-fr\/veste-de-cuisine-d-kochjacke-stoffknoepf-rf\/\">plus<span class=\"screen-reader-text\"> from Veste de cuisine D-Kochjacke Stoffkn\u00f6pf RF<\/span><\/a><\/p>\n","protected":false},"featured_media":277004,"template":"","meta":{"_acf_changed":false,"inline_featured_image":false},"pwb-brand":[4547],"product_brand":[],"product_cat":[1262,3365,384,401,33,506,508,3460,3489,3487],"product_tag":[],"class_list":{"0":"post-299408","1":"product","2":"type-product","3":"status-publish","4":"has-post-thumbnail","6":"pwb-brand-greiff-fr","7":"product_cat-tout","8":"product_cat-vetements-de-cuisine","9":"product_cat-all","10":"product_cat-cooking","11":"product_cat-service-kueche","12":"product_cat-sk-cooking","13":"product_cat-chefjackets-sk","14":"product_cat-service-cuisine-fr","15":"product_cat-vestes-cuisine-sk-fr","16":"product_cat-vetements-cuisine-sk-fr","17":"pa_color-090-blanc","18":"pa_fit-regular-fit","19":"pa_gender-femmes","20":"pa_size-international-3xl-fr","21":"pa_size-international-4xl-fr","22":"pa_size-international-l-fr","23":"pa_size-international-m-fr","24":"pa_size-international-s-fr","25":"pa_size-international-xl-fr","26":"pa_size-international-xs-fr","27":"pa_size-international-xxl-fr","29":"","30":"instock","31":"sold-individually","32":"taxable","33":"shipping-taxable","34":"purchasable","35":"product-type-variable"},"acf":[],"yoast_head":"<title>Veste de cuisine D-Kochjacke Stoffkn\u00f6pf RF - M\u00dcLLER TRADE<\/title>\n<meta name=\"description\" content=\"Veste de cuisine D-Kochjacke Stoffkn\u00f6pf RF - M\u00dcLLER TRADE\" \/>\n<meta name=\"robots\" content=\"noindex, follow, max-snippet:-1, max-image-preview:large, max-video-preview:-1\" \/>\n<meta property=\"og:locale\" content=\"fr_FR\" \/>\n<meta property=\"og:type\" content=\"article\" \/>\n<meta property=\"og:title\" content=\"Veste de cuisine D-Kochjacke Stoffkn\u00f6pf RF - M\u00dcLLER TRADE\" \/>\n<meta property=\"og:description\" content=\"Veste de cuisine D-Kochjacke Stoffkn\u00f6pf RF - M\u00dcLLER TRADE\" \/>\n<meta property=\"og:url\" content=\"https:\/\/trade-mueller-dev.startupblitz.de\/fr\/shop\/service-cuisine-fr\/vetements-cuisine-sk-fr\/vestes-cuisine-sk-fr\/veste-de-cuisine-d-kochjacke-stoffknoepf-rf\/\" \/>\n<meta property=\"og:site_name\" content=\"M\u00dcLLER TRADE\" \/>\n<meta property=\"article:modified_time\" content=\"2025-07-19T03:18:32+00:00\" \/>\n<meta property=\"og:image\" content=\"https:\/\/trade-mueller-dev.startupblitz.de\/wp-content\/uploads\/sites\/2\/5416_6220_090.jpg\" \/>\n\t<meta property=\"og:image:width\" content=\"1500\" \/>\n\t<meta property=\"og:image:height\" content=\"2275\" \/>\n\t<meta property=\"og:image:type\" content=\"image\/jpeg\" \/>\n<meta name=\"twitter:card\" content=\"summary_large_image\" \/>\n<script type=\"application\/ld+json\" class=\"yoast-schema-graph\">{\"@context\":\"https:\/\/schema.org\",\"@graph\":[{\"@type\":\"WebPage\",\"@id\":\"https:\/\/trade-mueller-dev.startupblitz.de\/fr\/shop\/service-cuisine-fr\/vetements-cuisine-sk-fr\/vestes-cuisine-sk-fr\/veste-de-cuisine-d-kochjacke-stoffknoepf-rf\/\",\"url\":\"https:\/\/trade-mueller-dev.startupblitz.de\/fr\/shop\/service-cuisine-fr\/vetements-cuisine-sk-fr\/vestes-cuisine-sk-fr\/veste-de-cuisine-d-kochjacke-stoffknoepf-rf\/\",\"name\":\"Veste de cuisine D-Kochjacke Stoffkn\u00f6pf RF - M\u00dcLLER TRADE\",\"isPartOf\":{\"@id\":\"https:\/\/trade-mueller-dev.startupblitz.de\/fr\/#website\"},\"primaryImageOfPage\":{\"@id\":\"https:\/\/trade-mueller-dev.startupblitz.de\/fr\/shop\/service-cuisine-fr\/vetements-cuisine-sk-fr\/vestes-cuisine-sk-fr\/veste-de-cuisine-d-kochjacke-stoffknoepf-rf\/#primaryimage\"},\"image\":{\"@id\":\"https:\/\/trade-mueller-dev.startupblitz.de\/fr\/shop\/service-cuisine-fr\/vetements-cuisine-sk-fr\/vestes-cuisine-sk-fr\/veste-de-cuisine-d-kochjacke-stoffknoepf-rf\/#primaryimage\"},\"thumbnailUrl\":\"https:\/\/trade-mueller-dev.startupblitz.de\/wp-content\/uploads\/sites\/2\/5416_6220_090.jpg\",\"datePublished\":\"2025-07-19T03:17:52+00:00\",\"dateModified\":\"2025-07-19T03:18:32+00:00\",\"description\":\"Veste de cuisine D-Kochjacke Stoffkn\u00f6pf RF - M\u00dcLLER TRADE\",\"breadcrumb\":{\"@id\":\"https:\/\/trade-mueller-dev.startupblitz.de\/fr\/shop\/service-cuisine-fr\/vetements-cuisine-sk-fr\/vestes-cuisine-sk-fr\/veste-de-cuisine-d-kochjacke-stoffknoepf-rf\/#breadcrumb\"},\"inLanguage\":\"fr-FR\",\"potentialAction\":[{\"@type\":\"ReadAction\",\"target\":[\"https:\/\/trade-mueller-dev.startupblitz.de\/fr\/shop\/service-cuisine-fr\/vetements-cuisine-sk-fr\/vestes-cuisine-sk-fr\/veste-de-cuisine-d-kochjacke-stoffknoepf-rf\/\"]}]},{\"@type\":\"ImageObject\",\"inLanguage\":\"fr-FR\",\"@id\":\"https:\/\/trade-mueller-dev.startupblitz.de\/fr\/shop\/service-cuisine-fr\/vetements-cuisine-sk-fr\/vestes-cuisine-sk-fr\/veste-de-cuisine-d-kochjacke-stoffknoepf-rf\/#primaryimage\",\"url\":\"https:\/\/trade-mueller-dev.startupblitz.de\/wp-content\/uploads\/sites\/2\/5416_6220_090.jpg\",\"contentUrl\":\"https:\/\/trade-mueller-dev.startupblitz.de\/wp-content\/uploads\/sites\/2\/5416_6220_090.jpg\",\"width\":1500,\"height\":2275},{\"@type\":\"BreadcrumbList\",\"@id\":\"https:\/\/trade-mueller-dev.startupblitz.de\/fr\/shop\/service-cuisine-fr\/vetements-cuisine-sk-fr\/vestes-cuisine-sk-fr\/veste-de-cuisine-d-kochjacke-stoffknoepf-rf\/#breadcrumb\",\"itemListElement\":[{\"@type\":\"ListItem\",\"position\":1,\"name\":\"Startseite\",\"item\":\"https:\/\/trade-mueller-dev.startupblitz.de\/fr\/\"},{\"@type\":\"ListItem\",\"position\":2,\"name\":\"Shop\",\"item\":\"https:\/\/trade-mueller-dev.startupblitz.de\/fr\/shop\/\"},{\"@type\":\"ListItem\",\"position\":3,\"name\":\"Veste de cuisine D-Kochjacke Stoffkn\u00f6pf RF\"}]},{\"@type\":\"WebSite\",\"@id\":\"https:\/\/trade-mueller-dev.startupblitz.de\/fr\/#website\",\"url\":\"https:\/\/trade-mueller-dev.startupblitz.de\/fr\/\",\"name\":\"M\u00fcller Trade\",\"description\":\"IHR B2B SHOP F\u00dcR BERUFSBEKLEIDUNG\",\"publisher\":{\"@id\":\"https:\/\/trade-mueller-dev.startupblitz.de\/fr\/#organization\"},\"potentialAction\":[{\"@type\":\"SearchAction\",\"target\":{\"@type\":\"EntryPoint\",\"urlTemplate\":\"https:\/\/trade-mueller-dev.startupblitz.de\/fr\/?s={search_term_string}\"},\"query-input\":{\"@type\":\"PropertyValueSpecification\",\"valueRequired\":true,\"valueName\":\"search_term_string\"}}],\"inLanguage\":\"fr-FR\"},{\"@type\":\"Organization\",\"@id\":\"https:\/\/trade-mueller-dev.startupblitz.de\/fr\/#organization\",\"name\":\"M\u00fcller Trade Corporate Clothing\",\"url\":\"https:\/\/trade-mueller-dev.startupblitz.de\/fr\/\",\"logo\":{\"@type\":\"ImageObject\",\"inLanguage\":\"fr-FR\",\"@id\":\"https:\/\/trade-mueller-dev.startupblitz.de\/fr\/#\/schema\/logo\/image\/\",\"url\":\"https:\/\/trade-mueller-dev.startupblitz.de\/wp-content\/uploads\/sites\/2\/cropped-cropped-mt-icon.png\",\"contentUrl\":\"https:\/\/trade-mueller-dev.startupblitz.de\/wp-content\/uploads\/sites\/2\/cropped-cropped-mt-icon.png\",\"width\":512,\"height\":512,\"caption\":\"M\u00fcller Trade Corporate Clothing\"},\"image\":{\"@id\":\"https:\/\/trade-mueller-dev.startupblitz.de\/fr\/#\/schema\/logo\/image\/\"}}]}<\/script>","yoast_head_json":{"title":"Veste de cuisine D-Kochjacke Stoffkn\u00f6pf RF - M\u00dcLLER TRADE","description":"Veste de cuisine D-Kochjacke Stoffkn\u00f6pf RF - M\u00dcLLER TRADE","robots":{"index":"noindex","follow":"follow","max-snippet":"max-snippet:-1","max-image-preview":"max-image-preview:large","max-video-preview":"max-video-preview:-1"},"og_locale":"fr_FR","og_type":"article","og_title":"Veste de cuisine D-Kochjacke Stoffkn\u00f6pf RF - M\u00dcLLER TRADE","og_description":"Veste de cuisine D-Kochjacke Stoffkn\u00f6pf RF - M\u00dcLLER TRADE","og_url":"https:\/\/trade-mueller-dev.startupblitz.de\/fr\/shop\/service-cuisine-fr\/vetements-cuisine-sk-fr\/vestes-cuisine-sk-fr\/veste-de-cuisine-d-kochjacke-stoffknoepf-rf\/","og_site_name":"M\u00dcLLER TRADE","article_modified_time":"2025-07-19T03:18:32+00:00","og_image":[{"width":1500,"height":2275,"url":"https:\/\/trade-mueller-dev.startupblitz.de\/wp-content\/uploads\/sites\/2\/5416_6220_090.jpg","type":"image\/jpeg"}],"twitter_card":"summary_large_image","schema":{"@context":"https:\/\/schema.org","@graph":[{"@type":"WebPage","@id":"https:\/\/trade-mueller-dev.startupblitz.de\/fr\/shop\/service-cuisine-fr\/vetements-cuisine-sk-fr\/vestes-cuisine-sk-fr\/veste-de-cuisine-d-kochjacke-stoffknoepf-rf\/","url":"https:\/\/trade-mueller-dev.startupblitz.de\/fr\/shop\/service-cuisine-fr\/vetements-cuisine-sk-fr\/vestes-cuisine-sk-fr\/veste-de-cuisine-d-kochjacke-stoffknoepf-rf\/","name":"Veste de cuisine D-Kochjacke Stoffkn\u00f6pf RF - M\u00dcLLER TRADE","isPartOf":{"@id":"https:\/\/trade-mueller-dev.startupblitz.de\/fr\/#website"},"primaryImageOfPage":{"@id":"https:\/\/trade-mueller-dev.startupblitz.de\/fr\/shop\/service-cuisine-fr\/vetements-cuisine-sk-fr\/vestes-cuisine-sk-fr\/veste-de-cuisine-d-kochjacke-stoffknoepf-rf\/#primaryimage"},"image":{"@id":"https:\/\/trade-mueller-dev.startupblitz.de\/fr\/shop\/service-cuisine-fr\/vetements-cuisine-sk-fr\/vestes-cuisine-sk-fr\/veste-de-cuisine-d-kochjacke-stoffknoepf-rf\/#primaryimage"},"thumbnailUrl":"https:\/\/trade-mueller-dev.startupblitz.de\/wp-content\/uploads\/sites\/2\/5416_6220_090.jpg","datePublished":"2025-07-19T03:17:52+00:00","dateModified":"2025-07-19T03:18:32+00:00","description":"Veste de cuisine D-Kochjacke Stoffkn\u00f6pf RF - M\u00dcLLER TRADE","breadcrumb":{"@id":"https:\/\/trade-mueller-dev.startupblitz.de\/fr\/shop\/service-cuisine-fr\/vetements-cuisine-sk-fr\/vestes-cuisine-sk-fr\/veste-de-cuisine-d-kochjacke-stoffknoepf-rf\/#breadcrumb"},"inLanguage":"fr-FR","potentialAction":[{"@type":"ReadAction","target":["https:\/\/trade-mueller-dev.startupblitz.de\/fr\/shop\/service-cuisine-fr\/vetements-cuisine-sk-fr\/vestes-cuisine-sk-fr\/veste-de-cuisine-d-kochjacke-stoffknoepf-rf\/"]}]},{"@type":"ImageObject","inLanguage":"fr-FR","@id":"https:\/\/trade-mueller-dev.startupblitz.de\/fr\/shop\/service-cuisine-fr\/vetements-cuisine-sk-fr\/vestes-cuisine-sk-fr\/veste-de-cuisine-d-kochjacke-stoffknoepf-rf\/#primaryimage","url":"https:\/\/trade-mueller-dev.startupblitz.de\/wp-content\/uploads\/sites\/2\/5416_6220_090.jpg","contentUrl":"https:\/\/trade-mueller-dev.startupblitz.de\/wp-content\/uploads\/sites\/2\/5416_6220_090.jpg","width":1500,"height":2275},{"@type":"BreadcrumbList","@id":"https:\/\/trade-mueller-dev.startupblitz.de\/fr\/shop\/service-cuisine-fr\/vetements-cuisine-sk-fr\/vestes-cuisine-sk-fr\/veste-de-cuisine-d-kochjacke-stoffknoepf-rf\/#breadcrumb","itemListElement":[{"@type":"ListItem","position":1,"name":"Startseite","item":"https:\/\/trade-mueller-dev.startupblitz.de\/fr\/"},{"@type":"ListItem","position":2,"name":"Shop","item":"https:\/\/trade-mueller-dev.startupblitz.de\/fr\/shop\/"},{"@type":"ListItem","position":3,"name":"Veste de cuisine D-Kochjacke Stoffkn\u00f6pf RF"}]},{"@type":"WebSite","@id":"https:\/\/trade-mueller-dev.startupblitz.de\/fr\/#website","url":"https:\/\/trade-mueller-dev.startupblitz.de\/fr\/","name":"M\u00fcller Trade","description":"IHR B2B SHOP F\u00dcR BERUFSBEKLEIDUNG","publisher":{"@id":"https:\/\/trade-mueller-dev.startupblitz.de\/fr\/#organization"},"potentialAction":[{"@type":"SearchAction","target":{"@type":"EntryPoint","urlTemplate":"https:\/\/trade-mueller-dev.startupblitz.de\/fr\/?s={search_term_string}"},"query-input":{"@type":"PropertyValueSpecification","valueRequired":true,"valueName":"search_term_string"}}],"inLanguage":"fr-FR"},{"@type":"Organization","@id":"https:\/\/trade-mueller-dev.startupblitz.de\/fr\/#organization","name":"M\u00fcller Trade Corporate Clothing","url":"https:\/\/trade-mueller-dev.startupblitz.de\/fr\/","logo":{"@type":"ImageObject","inLanguage":"fr-FR","@id":"https:\/\/trade-mueller-dev.startupblitz.de\/fr\/#\/schema\/logo\/image\/","url":"https:\/\/trade-mueller-dev.startupblitz.de\/wp-content\/uploads\/sites\/2\/cropped-cropped-mt-icon.png","contentUrl":"https:\/\/trade-mueller-dev.startupblitz.de\/wp-content\/uploads\/sites\/2\/cropped-cropped-mt-icon.png","width":512,"height":512,"caption":"M\u00fcller Trade Corporate Clothing"},"image":{"@id":"https:\/\/trade-mueller-dev.startupblitz.de\/fr\/#\/schema\/logo\/image\/"}}]}},"brands":[{"id":4547,"name":"Greiff","slug":"greiff-fr"}],"_links":{"self":[{"href":"https:\/\/trade-mueller-dev.startupblitz.de\/fr\/wp-json\/wp\/v2\/product\/299408","targetHints":{"allow":["GET"]}}],"collection":[{"href":"https:\/\/trade-mueller-dev.startupblitz.de\/fr\/wp-json\/wp\/v2\/product"}],"about":[{"href":"https:\/\/trade-mueller-dev.startupblitz.de\/fr\/wp-json\/wp\/v2\/types\/product"}],"wp:featuredmedia":[{"embeddable":true,"href":"https:\/\/trade-mueller-dev.startupblitz.de\/fr\/wp-json\/wp\/v2\/media\/277004"}],"wp:attachment":[{"href":"https:\/\/trade-mueller-dev.startupblitz.de\/fr\/wp-json\/wp\/v2\/media?parent=299408"}],"wp:term":[{"taxonomy":"pwb-brand","embeddable":true,"href":"https:\/\/trade-mueller-dev.startupblitz.de\/fr\/wp-json\/wp\/v2\/pwb-brand?post=299408"},{"taxonomy":"product_brand","embeddable":true,"href":"https:\/\/trade-mueller-dev.startupblitz.de\/fr\/wp-json\/wp\/v2\/product_brand?post=299408"},{"taxonomy":"product_cat","embeddable":true,"href":"https:\/\/trade-mueller-dev.startupblitz.de\/fr\/wp-json\/wp\/v2\/product_cat?post=299408"},{"taxonomy":"product_tag","embeddable":true,"href":"https:\/\/trade-mueller-dev.startupblitz.de\/fr\/wp-json\/wp\/v2\/product_tag?post=299408"}],"curies":[{"name":"wp","href":"https:\/\/api.w.org\/{rel}","templated":true}]}}