{"id":264775,"date":"2025-01-24T14:52:58","date_gmt":"2025-01-24T13:52:58","guid":{"rendered":"https:\/\/trade-mueller-dev.startupblitz.de\/?post_type=product&#038;p=264775"},"modified":"2025-01-24T15:02:53","modified_gmt":"2025-01-24T14:02:53","slug":"funky-hat","status":"publish","type":"product","link":"https:\/\/trade-mueller-dev.startupblitz.de\/fr\/shop\/service-cuisine-fr\/sk-accessoires-fr\/couvre-chef-sk-fr\/funky-hat\/","title":{"rendered":"Funky Hat"},"content":{"rendered":"<p>Der Promo Mafia Hut ist ein tolles und vor allem preiswertes Werbegeschenk, vor allem bei gro\u00dfen Einkaufsmengen. Ideal passt der Hut bei einer Kopfgr\u00f6\u00dfe von circa 58 cm. Passend zum Hut gibt es ein schickes, farbiges Hutband (Artikel 2071), was nach Ihren W\u00fcnschen bedruckt werden kann. Alternativ kann auch der Hut selbst mit einem Transferdruck veredelt werden. Das modische Produkt aus Polyester ist ein tolles Kundengeschenk, denn es f\u00e4llt auf und hat Stil. So einen schicken Hut hat nicht jeder!<\/p>\n","protected":false},"excerpt":{"rendered":"<p>Der Promo Mafia Hut ist ein tolles und vor allem preiswertes Werbegeschenk, vor allem bei gro\u00dfen Einkaufsmengen. Ideal passt der Hut bei einer Kopfgr\u00f6\u00dfe von circa 58 cm. Passend zum Hut gibt es ein schickes, farbiges Hutband (Artikel 2071), was nach Ihren W\u00fcnschen bedruckt werden kann. Alternativ kann auch der Hut selbst mit einem Transferdruck [&#8230;]<\/p>\n<p><a class=\"btn btn-secondary understrap-read-more-link\" href=\"https:\/\/trade-mueller-dev.startupblitz.de\/fr\/shop\/service-cuisine-fr\/sk-accessoires-fr\/couvre-chef-sk-fr\/funky-hat\/\">plus<span class=\"screen-reader-text\"> from Funky Hat<\/span><\/a><\/p>\n","protected":false},"featured_media":264776,"template":"","meta":{"_acf_changed":false,"inline_featured_image":false},"pwb-brand":[4561],"product_brand":[],"product_cat":[3473,3470],"product_tag":[4569],"class_list":{"0":"post-264775","1":"product","2":"type-product","3":"status-publish","4":"has-post-thumbnail","6":"pwb-brand-pure-fr","7":"product_cat-couvre-chef-sk-fr","8":"product_cat-sk-accessoires-fr","9":"product_tag-hut","10":"pa_color-0040-jaune","11":"pa_color-44-pink-1","12":"pa_color-group-jaune-orange","13":"pa_color-group-mauve-lilas","14":"pa_gender-femmes","15":"pa_gender-hommes","16":"pa_size-international-l-fr","17":"pa_size-international-m-fr","18":"pa_size-international-s-fr","20":"","21":"instock","22":"taxable","23":"shipping-taxable","24":"purchasable","25":"product-type-variable","26":"has-default-attributes"},"acf":[],"yoast_head":"<title>Funky Hat - M\u00dcLLER TRADE<\/title>\n<meta name=\"description\" content=\"Funky Hat - M\u00dcLLER TRADE\" \/>\n<meta name=\"robots\" content=\"noindex, follow, max-snippet:-1, max-image-preview:large, max-video-preview:-1\" \/>\n<meta property=\"og:locale\" content=\"fr_FR\" \/>\n<meta property=\"og:type\" content=\"article\" \/>\n<meta property=\"og:title\" content=\"Funky Hat - M\u00dcLLER TRADE\" \/>\n<meta property=\"og:description\" content=\"Funky Hat - M\u00dcLLER TRADE\" \/>\n<meta property=\"og:url\" content=\"https:\/\/trade-mueller-dev.startupblitz.de\/fr\/shop\/service-cuisine-fr\/sk-accessoires-fr\/couvre-chef-sk-fr\/funky-hat\/\" \/>\n<meta property=\"og:site_name\" content=\"M\u00dcLLER TRADE\" \/>\n<meta property=\"article:modified_time\" content=\"2025-01-24T14:02:53+00:00\" \/>\n<meta property=\"og:image\" content=\"https:\/\/trade-mueller-dev.startupblitz.de\/wp-content\/uploads\/sites\/2\/promo_mafia_hut_gelb_255_195504.jpg\" \/>\n\t<meta property=\"og:image:width\" content=\"1200\" \/>\n\t<meta property=\"og:image:height\" content=\"960\" \/>\n\t<meta property=\"og:image:type\" content=\"image\/jpeg\" \/>\n<meta name=\"twitter:card\" content=\"summary_large_image\" \/>\n<meta name=\"twitter:label1\" content=\"Dur\u00e9e de lecture estim\u00e9e\" \/>\n\t<meta name=\"twitter:data1\" content=\"1 minute\" \/>\n<script type=\"application\/ld+json\" class=\"yoast-schema-graph\">{\"@context\":\"https:\/\/schema.org\",\"@graph\":[{\"@type\":\"WebPage\",\"@id\":\"https:\/\/trade-mueller-dev.startupblitz.de\/fr\/shop\/service-cuisine-fr\/sk-accessoires-fr\/couvre-chef-sk-fr\/funky-hat\/\",\"url\":\"https:\/\/trade-mueller-dev.startupblitz.de\/fr\/shop\/service-cuisine-fr\/sk-accessoires-fr\/couvre-chef-sk-fr\/funky-hat\/\",\"name\":\"Funky Hat - M\u00dcLLER TRADE\",\"isPartOf\":{\"@id\":\"https:\/\/trade-mueller-dev.startupblitz.de\/fr\/#website\"},\"primaryImageOfPage\":{\"@id\":\"https:\/\/trade-mueller-dev.startupblitz.de\/fr\/shop\/service-cuisine-fr\/sk-accessoires-fr\/couvre-chef-sk-fr\/funky-hat\/#primaryimage\"},\"image\":{\"@id\":\"https:\/\/trade-mueller-dev.startupblitz.de\/fr\/shop\/service-cuisine-fr\/sk-accessoires-fr\/couvre-chef-sk-fr\/funky-hat\/#primaryimage\"},\"thumbnailUrl\":\"https:\/\/trade-mueller-dev.startupblitz.de\/wp-content\/uploads\/sites\/2\/promo_mafia_hut_gelb_255_195504.jpg\",\"datePublished\":\"2025-01-24T13:52:58+00:00\",\"dateModified\":\"2025-01-24T14:02:53+00:00\",\"description\":\"Funky Hat - M\u00dcLLER TRADE\",\"breadcrumb\":{\"@id\":\"https:\/\/trade-mueller-dev.startupblitz.de\/fr\/shop\/service-cuisine-fr\/sk-accessoires-fr\/couvre-chef-sk-fr\/funky-hat\/#breadcrumb\"},\"inLanguage\":\"fr-FR\",\"potentialAction\":[{\"@type\":\"ReadAction\",\"target\":[\"https:\/\/trade-mueller-dev.startupblitz.de\/fr\/shop\/service-cuisine-fr\/sk-accessoires-fr\/couvre-chef-sk-fr\/funky-hat\/\"]}]},{\"@type\":\"ImageObject\",\"inLanguage\":\"fr-FR\",\"@id\":\"https:\/\/trade-mueller-dev.startupblitz.de\/fr\/shop\/service-cuisine-fr\/sk-accessoires-fr\/couvre-chef-sk-fr\/funky-hat\/#primaryimage\",\"url\":\"https:\/\/trade-mueller-dev.startupblitz.de\/wp-content\/uploads\/sites\/2\/promo_mafia_hut_gelb_255_195504.jpg\",\"contentUrl\":\"https:\/\/trade-mueller-dev.startupblitz.de\/wp-content\/uploads\/sites\/2\/promo_mafia_hut_gelb_255_195504.jpg\",\"width\":1200,\"height\":960,\"caption\":\"yellow hat\"},{\"@type\":\"BreadcrumbList\",\"@id\":\"https:\/\/trade-mueller-dev.startupblitz.de\/fr\/shop\/service-cuisine-fr\/sk-accessoires-fr\/couvre-chef-sk-fr\/funky-hat\/#breadcrumb\",\"itemListElement\":[{\"@type\":\"ListItem\",\"position\":1,\"name\":\"Startseite\",\"item\":\"https:\/\/trade-mueller-dev.startupblitz.de\/fr\/\"},{\"@type\":\"ListItem\",\"position\":2,\"name\":\"Shop\",\"item\":\"https:\/\/trade-mueller-dev.startupblitz.de\/fr\/shop\/\"},{\"@type\":\"ListItem\",\"position\":3,\"name\":\"Funky Hat\"}]},{\"@type\":\"WebSite\",\"@id\":\"https:\/\/trade-mueller-dev.startupblitz.de\/fr\/#website\",\"url\":\"https:\/\/trade-mueller-dev.startupblitz.de\/fr\/\",\"name\":\"M\u00fcller Trade\",\"description\":\"IHR B2B SHOP F\u00dcR BERUFSBEKLEIDUNG\",\"publisher\":{\"@id\":\"https:\/\/trade-mueller-dev.startupblitz.de\/fr\/#organization\"},\"potentialAction\":[{\"@type\":\"SearchAction\",\"target\":{\"@type\":\"EntryPoint\",\"urlTemplate\":\"https:\/\/trade-mueller-dev.startupblitz.de\/fr\/?s={search_term_string}\"},\"query-input\":{\"@type\":\"PropertyValueSpecification\",\"valueRequired\":true,\"valueName\":\"search_term_string\"}}],\"inLanguage\":\"fr-FR\"},{\"@type\":\"Organization\",\"@id\":\"https:\/\/trade-mueller-dev.startupblitz.de\/fr\/#organization\",\"name\":\"M\u00fcller Trade Corporate Clothing\",\"url\":\"https:\/\/trade-mueller-dev.startupblitz.de\/fr\/\",\"logo\":{\"@type\":\"ImageObject\",\"inLanguage\":\"fr-FR\",\"@id\":\"https:\/\/trade-mueller-dev.startupblitz.de\/fr\/#\/schema\/logo\/image\/\",\"url\":\"https:\/\/trade-mueller-dev.startupblitz.de\/wp-content\/uploads\/sites\/2\/cropped-cropped-mt-icon.png\",\"contentUrl\":\"https:\/\/trade-mueller-dev.startupblitz.de\/wp-content\/uploads\/sites\/2\/cropped-cropped-mt-icon.png\",\"width\":512,\"height\":512,\"caption\":\"M\u00fcller Trade Corporate Clothing\"},\"image\":{\"@id\":\"https:\/\/trade-mueller-dev.startupblitz.de\/fr\/#\/schema\/logo\/image\/\"}}]}<\/script>","yoast_head_json":{"title":"Funky Hat - M\u00dcLLER TRADE","description":"Funky Hat - M\u00dcLLER TRADE","robots":{"index":"noindex","follow":"follow","max-snippet":"max-snippet:-1","max-image-preview":"max-image-preview:large","max-video-preview":"max-video-preview:-1"},"og_locale":"fr_FR","og_type":"article","og_title":"Funky Hat - M\u00dcLLER TRADE","og_description":"Funky Hat - M\u00dcLLER TRADE","og_url":"https:\/\/trade-mueller-dev.startupblitz.de\/fr\/shop\/service-cuisine-fr\/sk-accessoires-fr\/couvre-chef-sk-fr\/funky-hat\/","og_site_name":"M\u00dcLLER TRADE","article_modified_time":"2025-01-24T14:02:53+00:00","og_image":[{"width":1200,"height":960,"url":"https:\/\/trade-mueller-dev.startupblitz.de\/wp-content\/uploads\/sites\/2\/promo_mafia_hut_gelb_255_195504.jpg","type":"image\/jpeg"}],"twitter_card":"summary_large_image","twitter_misc":{"Dur\u00e9e de lecture estim\u00e9e":"1 minute"},"schema":{"@context":"https:\/\/schema.org","@graph":[{"@type":"WebPage","@id":"https:\/\/trade-mueller-dev.startupblitz.de\/fr\/shop\/service-cuisine-fr\/sk-accessoires-fr\/couvre-chef-sk-fr\/funky-hat\/","url":"https:\/\/trade-mueller-dev.startupblitz.de\/fr\/shop\/service-cuisine-fr\/sk-accessoires-fr\/couvre-chef-sk-fr\/funky-hat\/","name":"Funky Hat - M\u00dcLLER TRADE","isPartOf":{"@id":"https:\/\/trade-mueller-dev.startupblitz.de\/fr\/#website"},"primaryImageOfPage":{"@id":"https:\/\/trade-mueller-dev.startupblitz.de\/fr\/shop\/service-cuisine-fr\/sk-accessoires-fr\/couvre-chef-sk-fr\/funky-hat\/#primaryimage"},"image":{"@id":"https:\/\/trade-mueller-dev.startupblitz.de\/fr\/shop\/service-cuisine-fr\/sk-accessoires-fr\/couvre-chef-sk-fr\/funky-hat\/#primaryimage"},"thumbnailUrl":"https:\/\/trade-mueller-dev.startupblitz.de\/wp-content\/uploads\/sites\/2\/promo_mafia_hut_gelb_255_195504.jpg","datePublished":"2025-01-24T13:52:58+00:00","dateModified":"2025-01-24T14:02:53+00:00","description":"Funky Hat - M\u00dcLLER TRADE","breadcrumb":{"@id":"https:\/\/trade-mueller-dev.startupblitz.de\/fr\/shop\/service-cuisine-fr\/sk-accessoires-fr\/couvre-chef-sk-fr\/funky-hat\/#breadcrumb"},"inLanguage":"fr-FR","potentialAction":[{"@type":"ReadAction","target":["https:\/\/trade-mueller-dev.startupblitz.de\/fr\/shop\/service-cuisine-fr\/sk-accessoires-fr\/couvre-chef-sk-fr\/funky-hat\/"]}]},{"@type":"ImageObject","inLanguage":"fr-FR","@id":"https:\/\/trade-mueller-dev.startupblitz.de\/fr\/shop\/service-cuisine-fr\/sk-accessoires-fr\/couvre-chef-sk-fr\/funky-hat\/#primaryimage","url":"https:\/\/trade-mueller-dev.startupblitz.de\/wp-content\/uploads\/sites\/2\/promo_mafia_hut_gelb_255_195504.jpg","contentUrl":"https:\/\/trade-mueller-dev.startupblitz.de\/wp-content\/uploads\/sites\/2\/promo_mafia_hut_gelb_255_195504.jpg","width":1200,"height":960,"caption":"yellow hat"},{"@type":"BreadcrumbList","@id":"https:\/\/trade-mueller-dev.startupblitz.de\/fr\/shop\/service-cuisine-fr\/sk-accessoires-fr\/couvre-chef-sk-fr\/funky-hat\/#breadcrumb","itemListElement":[{"@type":"ListItem","position":1,"name":"Startseite","item":"https:\/\/trade-mueller-dev.startupblitz.de\/fr\/"},{"@type":"ListItem","position":2,"name":"Shop","item":"https:\/\/trade-mueller-dev.startupblitz.de\/fr\/shop\/"},{"@type":"ListItem","position":3,"name":"Funky Hat"}]},{"@type":"WebSite","@id":"https:\/\/trade-mueller-dev.startupblitz.de\/fr\/#website","url":"https:\/\/trade-mueller-dev.startupblitz.de\/fr\/","name":"M\u00fcller Trade","description":"IHR B2B SHOP F\u00dcR BERUFSBEKLEIDUNG","publisher":{"@id":"https:\/\/trade-mueller-dev.startupblitz.de\/fr\/#organization"},"potentialAction":[{"@type":"SearchAction","target":{"@type":"EntryPoint","urlTemplate":"https:\/\/trade-mueller-dev.startupblitz.de\/fr\/?s={search_term_string}"},"query-input":{"@type":"PropertyValueSpecification","valueRequired":true,"valueName":"search_term_string"}}],"inLanguage":"fr-FR"},{"@type":"Organization","@id":"https:\/\/trade-mueller-dev.startupblitz.de\/fr\/#organization","name":"M\u00fcller Trade Corporate Clothing","url":"https:\/\/trade-mueller-dev.startupblitz.de\/fr\/","logo":{"@type":"ImageObject","inLanguage":"fr-FR","@id":"https:\/\/trade-mueller-dev.startupblitz.de\/fr\/#\/schema\/logo\/image\/","url":"https:\/\/trade-mueller-dev.startupblitz.de\/wp-content\/uploads\/sites\/2\/cropped-cropped-mt-icon.png","contentUrl":"https:\/\/trade-mueller-dev.startupblitz.de\/wp-content\/uploads\/sites\/2\/cropped-cropped-mt-icon.png","width":512,"height":512,"caption":"M\u00fcller Trade Corporate Clothing"},"image":{"@id":"https:\/\/trade-mueller-dev.startupblitz.de\/fr\/#\/schema\/logo\/image\/"}}]}},"brands":[{"id":4561,"name":"Pure","slug":"pure-fr"}],"_links":{"self":[{"href":"https:\/\/trade-mueller-dev.startupblitz.de\/fr\/wp-json\/wp\/v2\/product\/264775","targetHints":{"allow":["GET"]}}],"collection":[{"href":"https:\/\/trade-mueller-dev.startupblitz.de\/fr\/wp-json\/wp\/v2\/product"}],"about":[{"href":"https:\/\/trade-mueller-dev.startupblitz.de\/fr\/wp-json\/wp\/v2\/types\/product"}],"wp:featuredmedia":[{"embeddable":true,"href":"https:\/\/trade-mueller-dev.startupblitz.de\/fr\/wp-json\/wp\/v2\/media\/264776"}],"wp:attachment":[{"href":"https:\/\/trade-mueller-dev.startupblitz.de\/fr\/wp-json\/wp\/v2\/media?parent=264775"}],"wp:term":[{"taxonomy":"pwb-brand","embeddable":true,"href":"https:\/\/trade-mueller-dev.startupblitz.de\/fr\/wp-json\/wp\/v2\/pwb-brand?post=264775"},{"taxonomy":"product_brand","embeddable":true,"href":"https:\/\/trade-mueller-dev.startupblitz.de\/fr\/wp-json\/wp\/v2\/product_brand?post=264775"},{"taxonomy":"product_cat","embeddable":true,"href":"https:\/\/trade-mueller-dev.startupblitz.de\/fr\/wp-json\/wp\/v2\/product_cat?post=264775"},{"taxonomy":"product_tag","embeddable":true,"href":"https:\/\/trade-mueller-dev.startupblitz.de\/fr\/wp-json\/wp\/v2\/product_tag?post=264775"}],"curies":[{"name":"wp","href":"https:\/\/api.w.org\/{rel}","templated":true}]}}