{"id":264591,"date":"2024-10-09T19:31:59","date_gmt":"2024-10-09T17:31:59","guid":{"rendered":"https:\/\/trade-mueller-dev.startupblitz.de\/shop\/unkategorisiert\/casaque-homme\/"},"modified":"2024-10-28T18:18:32","modified_gmt":"2024-10-28T17:18:32","slug":"casaque-homme-4","status":"publish","type":"product","link":"https:\/\/trade-mueller-dev.startupblitz.de\/fr\/shop\/wellness-spa-fr\/tuniques-casaques-ws-fr\/manches-courtes-fr\/casaque-homme-4\/","title":{"rendered":"Casaque homme"},"content":{"rendered":"<\/p>\n<ul>\n<ul>\n<li>manches courtes<\/li>\n<li>cintr\u00e9e<\/li>\n<li>d\u00e9collet\u00e9 en V<\/li>\n<li>2 poches lat\u00e9rales<\/li>\n<li>1 poche poitrine<\/li>\n<li>fentes lat\u00e9rales<\/li>\n<li>facile d\u2019entretien<\/li>\n<\/ul>\n<\/ul>\n<p>Tailles:\u00a0S &#8211; 3XL<\/p>\n<ul>\n<ul>\n<ul>\n<li>50% lyocell, 50% polyester<\/li>\n<\/ul>\n<\/ul>\n<\/ul>\n<p class=\"care-icons\">e\u00a08 1 n_W<\/p><\/p>\n","protected":false},"excerpt":{"rendered":"<p>manches courtes cintr\u00e9e d\u00e9collet\u00e9 en V 2 poches lat\u00e9rales 1 poche poitrine fentes lat\u00e9rales facile d\u2019entretien Tailles:\u00a0S &#8211; 3XL 50% lyocell, 50% polyester e\u00a08 1 n_W [&#8230;]<\/p>\n<p><a class=\"btn btn-secondary understrap-read-more-link\" href=\"https:\/\/trade-mueller-dev.startupblitz.de\/fr\/shop\/wellness-spa-fr\/tuniques-casaques-ws-fr\/manches-courtes-fr\/casaque-homme-4\/\">plus<span class=\"screen-reader-text\"> from Casaque homme<\/span><\/a><\/p>\n","protected":false},"featured_media":47065,"template":"","meta":{"_acf_changed":false,"inline_featured_image":false},"pwb-brand":[4556],"product_brand":[],"product_cat":[1262,3377,384,408,3501,3387,3507,35,530,527,475,486,483,3454,3465,3463],"product_tag":[],"class_list":{"0":"post-264591","1":"product","2":"type-product","3":"status-publish","4":"has-post-thumbnail","6":"pwb-brand-giblors-fr","7":"product_cat-tout","8":"product_cat-tuniques-casaques","9":"product_cat-all","10":"product_cat-tunicas","11":"product_cat-wellness-spa-fr","12":"product_cat-manches-courtes-fr","13":"product_cat-tuniques-casaques-ws-fr","14":"product_cat-wellness-spa","15":"product_cat-shortsleeve-tunics-ws","16":"product_cat-ws-tunicas","17":"product_cat-medical","18":"product_cat-shortsleeve-tunics","19":"product_cat-tunicas-medical","20":"product_cat-medical-fr","21":"product_cat-manches-courtes-medical-fr","22":"product_cat-tuniques-casaques-medical-fr","23":"pa_color-004-blau","25":"pa_color-027-violet","27":"pa_color-029-pistaccio-1","29":"pa_color-group-bleu","31":"pa_color-group-vert","32":"pa_color-group-mauve-lilas","35":"pa_gender-hommes","37":"pa_size-international-3xl-fr","39":"pa_size-international-l-fr","41":"pa_size-international-m-fr","43":"pa_size-international-s-fr","45":"pa_size-international-xl-fr","47":"pa_size-international-xxl-fr","50":"","51":"instock","52":"taxable","53":"shipping-taxable","54":"purchasable","55":"product-type-variable"},"acf":[],"yoast_head":"<title>Casaque homme - M\u00dcLLER TRADE<\/title>\n<meta name=\"description\" content=\"Casaque homme - M\u00dcLLER TRADE\" \/>\n<meta name=\"robots\" content=\"noindex, follow, max-snippet:-1, max-image-preview:large, max-video-preview:-1\" \/>\n<meta property=\"og:locale\" content=\"fr_FR\" \/>\n<meta property=\"og:type\" content=\"article\" \/>\n<meta property=\"og:title\" content=\"Casaque homme - M\u00dcLLER TRADE\" \/>\n<meta property=\"og:description\" content=\"Casaque homme - M\u00dcLLER TRADE\" \/>\n<meta property=\"og:url\" content=\"https:\/\/trade-mueller-dev.startupblitz.de\/fr\/shop\/wellness-spa-fr\/tuniques-casaques-ws-fr\/manches-courtes-fr\/casaque-homme-4\/\" \/>\n<meta property=\"og:site_name\" content=\"M\u00dcLLER TRADE\" \/>\n<meta property=\"article:modified_time\" content=\"2024-10-28T17:18:32+00:00\" \/>\n<meta property=\"og:image\" content=\"https:\/\/trade-mueller-dev.startupblitz.de\/wp-content\/uploads\/sites\/2\/17P03K942PI-jpg-avif.webp\" \/>\n\t<meta property=\"og:image:width\" content=\"958\" \/>\n\t<meta property=\"og:image:height\" content=\"1437\" \/>\n\t<meta property=\"og:image:type\" content=\"image\/jpeg\" \/>\n<meta name=\"twitter:card\" content=\"summary_large_image\" \/>\n<script type=\"application\/ld+json\" class=\"yoast-schema-graph\">{\"@context\":\"https:\/\/schema.org\",\"@graph\":[{\"@type\":\"WebPage\",\"@id\":\"https:\/\/trade-mueller-dev.startupblitz.de\/fr\/shop\/wellness-spa-fr\/tuniques-casaques-ws-fr\/manches-courtes-fr\/casaque-homme-4\/\",\"url\":\"https:\/\/trade-mueller-dev.startupblitz.de\/fr\/shop\/wellness-spa-fr\/tuniques-casaques-ws-fr\/manches-courtes-fr\/casaque-homme-4\/\",\"name\":\"Casaque homme - M\u00dcLLER TRADE\",\"isPartOf\":{\"@id\":\"https:\/\/trade-mueller-dev.startupblitz.de\/fr\/#website\"},\"primaryImageOfPage\":{\"@id\":\"https:\/\/trade-mueller-dev.startupblitz.de\/fr\/shop\/wellness-spa-fr\/tuniques-casaques-ws-fr\/manches-courtes-fr\/casaque-homme-4\/#primaryimage\"},\"image\":{\"@id\":\"https:\/\/trade-mueller-dev.startupblitz.de\/fr\/shop\/wellness-spa-fr\/tuniques-casaques-ws-fr\/manches-courtes-fr\/casaque-homme-4\/#primaryimage\"},\"thumbnailUrl\":\"https:\/\/trade-mueller-dev.startupblitz.de\/wp-content\/uploads\/sites\/2\/17P03K942PI-jpg-avif.webp\",\"datePublished\":\"2024-10-09T17:31:59+00:00\",\"dateModified\":\"2024-10-28T17:18:32+00:00\",\"description\":\"Casaque homme - M\u00dcLLER TRADE\",\"breadcrumb\":{\"@id\":\"https:\/\/trade-mueller-dev.startupblitz.de\/fr\/shop\/wellness-spa-fr\/tuniques-casaques-ws-fr\/manches-courtes-fr\/casaque-homme-4\/#breadcrumb\"},\"inLanguage\":\"fr-FR\",\"potentialAction\":[{\"@type\":\"ReadAction\",\"target\":[\"https:\/\/trade-mueller-dev.startupblitz.de\/fr\/shop\/wellness-spa-fr\/tuniques-casaques-ws-fr\/manches-courtes-fr\/casaque-homme-4\/\"]}]},{\"@type\":\"ImageObject\",\"inLanguage\":\"fr-FR\",\"@id\":\"https:\/\/trade-mueller-dev.startupblitz.de\/fr\/shop\/wellness-spa-fr\/tuniques-casaques-ws-fr\/manches-courtes-fr\/casaque-homme-4\/#primaryimage\",\"url\":\"https:\/\/trade-mueller-dev.startupblitz.de\/wp-content\/uploads\/sites\/2\/17P03K942PI-jpg-avif.webp\",\"contentUrl\":\"https:\/\/trade-mueller-dev.startupblitz.de\/wp-content\/uploads\/sites\/2\/17P03K942PI-jpg-avif.webp\",\"width\":958,\"height\":1437},{\"@type\":\"BreadcrumbList\",\"@id\":\"https:\/\/trade-mueller-dev.startupblitz.de\/fr\/shop\/wellness-spa-fr\/tuniques-casaques-ws-fr\/manches-courtes-fr\/casaque-homme-4\/#breadcrumb\",\"itemListElement\":[{\"@type\":\"ListItem\",\"position\":1,\"name\":\"Startseite\",\"item\":\"https:\/\/trade-mueller-dev.startupblitz.de\/fr\/\"},{\"@type\":\"ListItem\",\"position\":2,\"name\":\"Shop\",\"item\":\"https:\/\/trade-mueller-dev.startupblitz.de\/fr\/shop\/\"},{\"@type\":\"ListItem\",\"position\":3,\"name\":\"Casaque homme\"}]},{\"@type\":\"WebSite\",\"@id\":\"https:\/\/trade-mueller-dev.startupblitz.de\/fr\/#website\",\"url\":\"https:\/\/trade-mueller-dev.startupblitz.de\/fr\/\",\"name\":\"M\u00fcller Trade\",\"description\":\"IHR B2B SHOP F\u00dcR BERUFSBEKLEIDUNG\",\"publisher\":{\"@id\":\"https:\/\/trade-mueller-dev.startupblitz.de\/fr\/#organization\"},\"potentialAction\":[{\"@type\":\"SearchAction\",\"target\":{\"@type\":\"EntryPoint\",\"urlTemplate\":\"https:\/\/trade-mueller-dev.startupblitz.de\/fr\/?s={search_term_string}\"},\"query-input\":{\"@type\":\"PropertyValueSpecification\",\"valueRequired\":true,\"valueName\":\"search_term_string\"}}],\"inLanguage\":\"fr-FR\"},{\"@type\":\"Organization\",\"@id\":\"https:\/\/trade-mueller-dev.startupblitz.de\/fr\/#organization\",\"name\":\"M\u00fcller Trade Corporate Clothing\",\"url\":\"https:\/\/trade-mueller-dev.startupblitz.de\/fr\/\",\"logo\":{\"@type\":\"ImageObject\",\"inLanguage\":\"fr-FR\",\"@id\":\"https:\/\/trade-mueller-dev.startupblitz.de\/fr\/#\/schema\/logo\/image\/\",\"url\":\"https:\/\/trade-mueller-dev.startupblitz.de\/wp-content\/uploads\/sites\/2\/cropped-cropped-mt-icon.png\",\"contentUrl\":\"https:\/\/trade-mueller-dev.startupblitz.de\/wp-content\/uploads\/sites\/2\/cropped-cropped-mt-icon.png\",\"width\":512,\"height\":512,\"caption\":\"M\u00fcller Trade Corporate Clothing\"},\"image\":{\"@id\":\"https:\/\/trade-mueller-dev.startupblitz.de\/fr\/#\/schema\/logo\/image\/\"}}]}<\/script>","yoast_head_json":{"title":"Casaque homme - M\u00dcLLER TRADE","description":"Casaque homme - M\u00dcLLER TRADE","robots":{"index":"noindex","follow":"follow","max-snippet":"max-snippet:-1","max-image-preview":"max-image-preview:large","max-video-preview":"max-video-preview:-1"},"og_locale":"fr_FR","og_type":"article","og_title":"Casaque homme - M\u00dcLLER TRADE","og_description":"Casaque homme - M\u00dcLLER TRADE","og_url":"https:\/\/trade-mueller-dev.startupblitz.de\/fr\/shop\/wellness-spa-fr\/tuniques-casaques-ws-fr\/manches-courtes-fr\/casaque-homme-4\/","og_site_name":"M\u00dcLLER TRADE","article_modified_time":"2024-10-28T17:18:32+00:00","og_image":[{"width":958,"height":1437,"url":"https:\/\/trade-mueller-dev.startupblitz.de\/wp-content\/uploads\/sites\/2\/17P03K942PI-jpg-avif.webp","type":"image\/jpeg"}],"twitter_card":"summary_large_image","schema":{"@context":"https:\/\/schema.org","@graph":[{"@type":"WebPage","@id":"https:\/\/trade-mueller-dev.startupblitz.de\/fr\/shop\/wellness-spa-fr\/tuniques-casaques-ws-fr\/manches-courtes-fr\/casaque-homme-4\/","url":"https:\/\/trade-mueller-dev.startupblitz.de\/fr\/shop\/wellness-spa-fr\/tuniques-casaques-ws-fr\/manches-courtes-fr\/casaque-homme-4\/","name":"Casaque homme - M\u00dcLLER TRADE","isPartOf":{"@id":"https:\/\/trade-mueller-dev.startupblitz.de\/fr\/#website"},"primaryImageOfPage":{"@id":"https:\/\/trade-mueller-dev.startupblitz.de\/fr\/shop\/wellness-spa-fr\/tuniques-casaques-ws-fr\/manches-courtes-fr\/casaque-homme-4\/#primaryimage"},"image":{"@id":"https:\/\/trade-mueller-dev.startupblitz.de\/fr\/shop\/wellness-spa-fr\/tuniques-casaques-ws-fr\/manches-courtes-fr\/casaque-homme-4\/#primaryimage"},"thumbnailUrl":"https:\/\/trade-mueller-dev.startupblitz.de\/wp-content\/uploads\/sites\/2\/17P03K942PI-jpg-avif.webp","datePublished":"2024-10-09T17:31:59+00:00","dateModified":"2024-10-28T17:18:32+00:00","description":"Casaque homme - M\u00dcLLER TRADE","breadcrumb":{"@id":"https:\/\/trade-mueller-dev.startupblitz.de\/fr\/shop\/wellness-spa-fr\/tuniques-casaques-ws-fr\/manches-courtes-fr\/casaque-homme-4\/#breadcrumb"},"inLanguage":"fr-FR","potentialAction":[{"@type":"ReadAction","target":["https:\/\/trade-mueller-dev.startupblitz.de\/fr\/shop\/wellness-spa-fr\/tuniques-casaques-ws-fr\/manches-courtes-fr\/casaque-homme-4\/"]}]},{"@type":"ImageObject","inLanguage":"fr-FR","@id":"https:\/\/trade-mueller-dev.startupblitz.de\/fr\/shop\/wellness-spa-fr\/tuniques-casaques-ws-fr\/manches-courtes-fr\/casaque-homme-4\/#primaryimage","url":"https:\/\/trade-mueller-dev.startupblitz.de\/wp-content\/uploads\/sites\/2\/17P03K942PI-jpg-avif.webp","contentUrl":"https:\/\/trade-mueller-dev.startupblitz.de\/wp-content\/uploads\/sites\/2\/17P03K942PI-jpg-avif.webp","width":958,"height":1437},{"@type":"BreadcrumbList","@id":"https:\/\/trade-mueller-dev.startupblitz.de\/fr\/shop\/wellness-spa-fr\/tuniques-casaques-ws-fr\/manches-courtes-fr\/casaque-homme-4\/#breadcrumb","itemListElement":[{"@type":"ListItem","position":1,"name":"Startseite","item":"https:\/\/trade-mueller-dev.startupblitz.de\/fr\/"},{"@type":"ListItem","position":2,"name":"Shop","item":"https:\/\/trade-mueller-dev.startupblitz.de\/fr\/shop\/"},{"@type":"ListItem","position":3,"name":"Casaque homme"}]},{"@type":"WebSite","@id":"https:\/\/trade-mueller-dev.startupblitz.de\/fr\/#website","url":"https:\/\/trade-mueller-dev.startupblitz.de\/fr\/","name":"M\u00fcller Trade","description":"IHR B2B SHOP F\u00dcR BERUFSBEKLEIDUNG","publisher":{"@id":"https:\/\/trade-mueller-dev.startupblitz.de\/fr\/#organization"},"potentialAction":[{"@type":"SearchAction","target":{"@type":"EntryPoint","urlTemplate":"https:\/\/trade-mueller-dev.startupblitz.de\/fr\/?s={search_term_string}"},"query-input":{"@type":"PropertyValueSpecification","valueRequired":true,"valueName":"search_term_string"}}],"inLanguage":"fr-FR"},{"@type":"Organization","@id":"https:\/\/trade-mueller-dev.startupblitz.de\/fr\/#organization","name":"M\u00fcller Trade Corporate Clothing","url":"https:\/\/trade-mueller-dev.startupblitz.de\/fr\/","logo":{"@type":"ImageObject","inLanguage":"fr-FR","@id":"https:\/\/trade-mueller-dev.startupblitz.de\/fr\/#\/schema\/logo\/image\/","url":"https:\/\/trade-mueller-dev.startupblitz.de\/wp-content\/uploads\/sites\/2\/cropped-cropped-mt-icon.png","contentUrl":"https:\/\/trade-mueller-dev.startupblitz.de\/wp-content\/uploads\/sites\/2\/cropped-cropped-mt-icon.png","width":512,"height":512,"caption":"M\u00fcller Trade Corporate Clothing"},"image":{"@id":"https:\/\/trade-mueller-dev.startupblitz.de\/fr\/#\/schema\/logo\/image\/"}}]}},"brands":[{"id":4556,"name":"Giblor\u2019s","slug":"giblors-fr"}],"_links":{"self":[{"href":"https:\/\/trade-mueller-dev.startupblitz.de\/fr\/wp-json\/wp\/v2\/product\/264591","targetHints":{"allow":["GET"]}}],"collection":[{"href":"https:\/\/trade-mueller-dev.startupblitz.de\/fr\/wp-json\/wp\/v2\/product"}],"about":[{"href":"https:\/\/trade-mueller-dev.startupblitz.de\/fr\/wp-json\/wp\/v2\/types\/product"}],"wp:featuredmedia":[{"embeddable":true,"href":"https:\/\/trade-mueller-dev.startupblitz.de\/fr\/wp-json\/wp\/v2\/media\/47065"}],"wp:attachment":[{"href":"https:\/\/trade-mueller-dev.startupblitz.de\/fr\/wp-json\/wp\/v2\/media?parent=264591"}],"wp:term":[{"taxonomy":"pwb-brand","embeddable":true,"href":"https:\/\/trade-mueller-dev.startupblitz.de\/fr\/wp-json\/wp\/v2\/pwb-brand?post=264591"},{"taxonomy":"product_brand","embeddable":true,"href":"https:\/\/trade-mueller-dev.startupblitz.de\/fr\/wp-json\/wp\/v2\/product_brand?post=264591"},{"taxonomy":"product_cat","embeddable":true,"href":"https:\/\/trade-mueller-dev.startupblitz.de\/fr\/wp-json\/wp\/v2\/product_cat?post=264591"},{"taxonomy":"product_tag","embeddable":true,"href":"https:\/\/trade-mueller-dev.startupblitz.de\/fr\/wp-json\/wp\/v2\/product_tag?post=264591"}],"curies":[{"name":"wp","href":"https:\/\/api.w.org\/{rel}","templated":true}]}}