{"id":263563,"date":"2024-10-09T21:50:35","date_gmt":"2024-10-09T19:50:35","guid":{"rendered":"https:\/\/trade-mueller-dev.startupblitz.de\/shop\/unkategorisiert\/latzschuerze-extrabreit-3\/"},"modified":"2024-10-28T18:17:24","modified_gmt":"2024-10-28T17:17:24","slug":"latzschuerze-extrabreit-2","status":"publish","type":"product","link":"https:\/\/trade-mueller-dev.startupblitz.de\/fr\/shop\/service-cuisine-fr\/sk-tabliers-fr\/tabliers-bavette-sk-fr\/latzschuerze-extrabreit-2\/","title":{"rendered":"Latzsch\u00fcrze extrabreit"},"content":{"rendered":"<\/p>\n<ul>\n<li style=\"list-style-type: none\">\n<ul>\n<li style=\"list-style-type: none\">\n<ul>\n<li>\n<ul>\n<li>Innenliegende Latztasche<\/li>\n<li>Verstellbares Nackenband mit Knopf und Knopfl\u00f6cher<\/li>\n<li>Kn\u00f6pfe sind geeignet f\u00fcr das Mangeln<\/li>\n<li>B\u00e4nder aus Grundstoff<\/li>\n<li>Aufh\u00e4ngerschlaufen<\/li>\n<\/ul>\n<ul>\n<li>Breite x H\u00f6he:<\/li>\n<li>90 x 108 cm<\/li>\n<\/ul>\n<ul>\n<li><\/li>\n<li>65% Polyester, 35% Baumwolle, 245 g\/m<sup>2<\/sup><\/li>\n<\/ul>\n<\/li>\n<\/ul>\n<\/li>\n<\/ul>\n<\/li>\n<\/ul>\n","protected":false},"excerpt":{"rendered":"<p>Innenliegende Latztasche Verstellbares Nackenband mit Knopf und Knopfl\u00f6cher Kn\u00f6pfe sind geeignet f\u00fcr das Mangeln B\u00e4nder aus Grundstoff Aufh\u00e4ngerschlaufen Breite x H\u00f6he: 90 x 108 cm 65% Polyester, 35% Baumwolle, 245 g\/m2 [&#8230;]<\/p>\n<p><a class=\"btn btn-secondary understrap-read-more-link\" href=\"https:\/\/trade-mueller-dev.startupblitz.de\/fr\/shop\/service-cuisine-fr\/sk-tabliers-fr\/tabliers-bavette-sk-fr\/latzschuerze-extrabreit-2\/\">plus<span class=\"screen-reader-text\"> from Latzsch\u00fcrze extrabreit<\/span><\/a><\/p>\n","protected":false},"featured_media":57256,"template":"","meta":{"_acf_changed":false,"inline_featured_image":false},"pwb-brand":[4559],"product_brand":[],"product_cat":[1262,3368,384,404,33,509,512,3460,3493,3490],"product_tag":[],"class_list":{"0":"post-263563","1":"product","2":"type-product","3":"status-publish","4":"has-post-thumbnail","6":"pwb-brand-kentaur-fr","7":"product_cat-tout","8":"product_cat-tabliers","9":"product_cat-all","10":"product_cat-apron","11":"product_cat-service-kueche","12":"product_cat-sk-apron","13":"product_cat-bibaprons-sk","14":"product_cat-service-cuisine-fr","15":"product_cat-tabliers-bavette-sk-fr","16":"product_cat-sk-tabliers-fr","17":"pa_color-100-blanc","19":"pa_color-211-mocca-1","21":"pa_color-527-vert-chasse","23":"pa_color-531-vert-olive","25":"pa_color-604-gris-bleu","27":"pa_color-700-noir","29":"pa_color-709-charcoal-1","31":"pa_color-group-anthracite-gris","33":"pa_color-group-blanc","34":"pa_color-group-bleu","36":"pa_color-group-brun-beige","38":"pa_color-group-vert","39":"pa_color-group-noir","43":"pa_gender-femmes","45":"pa_gender-hommes","47":"pa_size-international-90-x-108-cm-fr","50":"","51":"instock","52":"taxable","53":"shipping-taxable","54":"purchasable","55":"product-type-variable"},"acf":[],"yoast_head":"<title>Latzsch\u00fcrze extrabreit - M\u00dcLLER TRADE<\/title>\n<meta name=\"description\" content=\"Latzsch\u00fcrze extrabreit - M\u00dcLLER TRADE\" \/>\n<meta name=\"robots\" content=\"noindex, follow, max-snippet:-1, max-image-preview:large, max-video-preview:-1\" \/>\n<meta property=\"og:locale\" content=\"fr_FR\" \/>\n<meta property=\"og:type\" content=\"article\" \/>\n<meta property=\"og:title\" content=\"Latzsch\u00fcrze extrabreit - M\u00dcLLER TRADE\" \/>\n<meta property=\"og:description\" content=\"Latzsch\u00fcrze extrabreit - M\u00dcLLER TRADE\" \/>\n<meta property=\"og:url\" content=\"https:\/\/trade-mueller-dev.startupblitz.de\/fr\/shop\/service-cuisine-fr\/sk-tabliers-fr\/tabliers-bavette-sk-fr\/latzschuerze-extrabreit-2\/\" \/>\n<meta property=\"og:site_name\" content=\"M\u00dcLLER TRADE\" \/>\n<meta property=\"article:modified_time\" content=\"2024-10-28T17:17:24+00:00\" \/>\n<meta property=\"og:image\" content=\"https:\/\/trade-mueller-dev.startupblitz.de\/wp-content\/uploads\/sites\/2\/31502-2-0-0-100-Lo-Res_1-jpg-avif.webp\" \/>\n\t<meta property=\"og:image:width\" content=\"801\" \/>\n\t<meta property=\"og:image:height\" content=\"1200\" \/>\n\t<meta property=\"og:image:type\" content=\"image\/jpeg\" \/>\n<meta name=\"twitter:card\" content=\"summary_large_image\" \/>\n<script type=\"application\/ld+json\" class=\"yoast-schema-graph\">{\"@context\":\"https:\/\/schema.org\",\"@graph\":[{\"@type\":\"WebPage\",\"@id\":\"https:\/\/trade-mueller-dev.startupblitz.de\/fr\/shop\/service-cuisine-fr\/sk-tabliers-fr\/tabliers-bavette-sk-fr\/latzschuerze-extrabreit-2\/\",\"url\":\"https:\/\/trade-mueller-dev.startupblitz.de\/fr\/shop\/service-cuisine-fr\/sk-tabliers-fr\/tabliers-bavette-sk-fr\/latzschuerze-extrabreit-2\/\",\"name\":\"Latzsch\u00fcrze extrabreit - M\u00dcLLER TRADE\",\"isPartOf\":{\"@id\":\"https:\/\/trade-mueller-dev.startupblitz.de\/fr\/#website\"},\"primaryImageOfPage\":{\"@id\":\"https:\/\/trade-mueller-dev.startupblitz.de\/fr\/shop\/service-cuisine-fr\/sk-tabliers-fr\/tabliers-bavette-sk-fr\/latzschuerze-extrabreit-2\/#primaryimage\"},\"image\":{\"@id\":\"https:\/\/trade-mueller-dev.startupblitz.de\/fr\/shop\/service-cuisine-fr\/sk-tabliers-fr\/tabliers-bavette-sk-fr\/latzschuerze-extrabreit-2\/#primaryimage\"},\"thumbnailUrl\":\"https:\/\/trade-mueller-dev.startupblitz.de\/wp-content\/uploads\/sites\/2\/31502-2-0-0-100-Lo-Res_1-jpg-avif.webp\",\"datePublished\":\"2024-10-09T19:50:35+00:00\",\"dateModified\":\"2024-10-28T17:17:24+00:00\",\"description\":\"Latzsch\u00fcrze extrabreit - M\u00dcLLER TRADE\",\"breadcrumb\":{\"@id\":\"https:\/\/trade-mueller-dev.startupblitz.de\/fr\/shop\/service-cuisine-fr\/sk-tabliers-fr\/tabliers-bavette-sk-fr\/latzschuerze-extrabreit-2\/#breadcrumb\"},\"inLanguage\":\"fr-FR\",\"potentialAction\":[{\"@type\":\"ReadAction\",\"target\":[\"https:\/\/trade-mueller-dev.startupblitz.de\/fr\/shop\/service-cuisine-fr\/sk-tabliers-fr\/tabliers-bavette-sk-fr\/latzschuerze-extrabreit-2\/\"]}]},{\"@type\":\"ImageObject\",\"inLanguage\":\"fr-FR\",\"@id\":\"https:\/\/trade-mueller-dev.startupblitz.de\/fr\/shop\/service-cuisine-fr\/sk-tabliers-fr\/tabliers-bavette-sk-fr\/latzschuerze-extrabreit-2\/#primaryimage\",\"url\":\"https:\/\/trade-mueller-dev.startupblitz.de\/wp-content\/uploads\/sites\/2\/31502-2-0-0-100-Lo-Res_1-jpg-avif.webp\",\"contentUrl\":\"https:\/\/trade-mueller-dev.startupblitz.de\/wp-content\/uploads\/sites\/2\/31502-2-0-0-100-Lo-Res_1-jpg-avif.webp\",\"width\":801,\"height\":1200},{\"@type\":\"BreadcrumbList\",\"@id\":\"https:\/\/trade-mueller-dev.startupblitz.de\/fr\/shop\/service-cuisine-fr\/sk-tabliers-fr\/tabliers-bavette-sk-fr\/latzschuerze-extrabreit-2\/#breadcrumb\",\"itemListElement\":[{\"@type\":\"ListItem\",\"position\":1,\"name\":\"Startseite\",\"item\":\"https:\/\/trade-mueller-dev.startupblitz.de\/fr\/\"},{\"@type\":\"ListItem\",\"position\":2,\"name\":\"Shop\",\"item\":\"https:\/\/trade-mueller-dev.startupblitz.de\/fr\/shop\/\"},{\"@type\":\"ListItem\",\"position\":3,\"name\":\"Latzsch\u00fcrze extrabreit\"}]},{\"@type\":\"WebSite\",\"@id\":\"https:\/\/trade-mueller-dev.startupblitz.de\/fr\/#website\",\"url\":\"https:\/\/trade-mueller-dev.startupblitz.de\/fr\/\",\"name\":\"M\u00fcller Trade\",\"description\":\"IHR B2B SHOP F\u00dcR BERUFSBEKLEIDUNG\",\"publisher\":{\"@id\":\"https:\/\/trade-mueller-dev.startupblitz.de\/fr\/#organization\"},\"potentialAction\":[{\"@type\":\"SearchAction\",\"target\":{\"@type\":\"EntryPoint\",\"urlTemplate\":\"https:\/\/trade-mueller-dev.startupblitz.de\/fr\/?s={search_term_string}\"},\"query-input\":{\"@type\":\"PropertyValueSpecification\",\"valueRequired\":true,\"valueName\":\"search_term_string\"}}],\"inLanguage\":\"fr-FR\"},{\"@type\":\"Organization\",\"@id\":\"https:\/\/trade-mueller-dev.startupblitz.de\/fr\/#organization\",\"name\":\"M\u00fcller Trade Corporate Clothing\",\"url\":\"https:\/\/trade-mueller-dev.startupblitz.de\/fr\/\",\"logo\":{\"@type\":\"ImageObject\",\"inLanguage\":\"fr-FR\",\"@id\":\"https:\/\/trade-mueller-dev.startupblitz.de\/fr\/#\/schema\/logo\/image\/\",\"url\":\"https:\/\/trade-mueller-dev.startupblitz.de\/wp-content\/uploads\/sites\/2\/cropped-cropped-mt-icon.png\",\"contentUrl\":\"https:\/\/trade-mueller-dev.startupblitz.de\/wp-content\/uploads\/sites\/2\/cropped-cropped-mt-icon.png\",\"width\":512,\"height\":512,\"caption\":\"M\u00fcller Trade Corporate Clothing\"},\"image\":{\"@id\":\"https:\/\/trade-mueller-dev.startupblitz.de\/fr\/#\/schema\/logo\/image\/\"}}]}<\/script>","yoast_head_json":{"title":"Latzsch\u00fcrze extrabreit - M\u00dcLLER TRADE","description":"Latzsch\u00fcrze extrabreit - M\u00dcLLER TRADE","robots":{"index":"noindex","follow":"follow","max-snippet":"max-snippet:-1","max-image-preview":"max-image-preview:large","max-video-preview":"max-video-preview:-1"},"og_locale":"fr_FR","og_type":"article","og_title":"Latzsch\u00fcrze extrabreit - M\u00dcLLER TRADE","og_description":"Latzsch\u00fcrze extrabreit - M\u00dcLLER TRADE","og_url":"https:\/\/trade-mueller-dev.startupblitz.de\/fr\/shop\/service-cuisine-fr\/sk-tabliers-fr\/tabliers-bavette-sk-fr\/latzschuerze-extrabreit-2\/","og_site_name":"M\u00dcLLER TRADE","article_modified_time":"2024-10-28T17:17:24+00:00","og_image":[{"width":801,"height":1200,"url":"https:\/\/trade-mueller-dev.startupblitz.de\/wp-content\/uploads\/sites\/2\/31502-2-0-0-100-Lo-Res_1-jpg-avif.webp","type":"image\/jpeg"}],"twitter_card":"summary_large_image","schema":{"@context":"https:\/\/schema.org","@graph":[{"@type":"WebPage","@id":"https:\/\/trade-mueller-dev.startupblitz.de\/fr\/shop\/service-cuisine-fr\/sk-tabliers-fr\/tabliers-bavette-sk-fr\/latzschuerze-extrabreit-2\/","url":"https:\/\/trade-mueller-dev.startupblitz.de\/fr\/shop\/service-cuisine-fr\/sk-tabliers-fr\/tabliers-bavette-sk-fr\/latzschuerze-extrabreit-2\/","name":"Latzsch\u00fcrze extrabreit - M\u00dcLLER TRADE","isPartOf":{"@id":"https:\/\/trade-mueller-dev.startupblitz.de\/fr\/#website"},"primaryImageOfPage":{"@id":"https:\/\/trade-mueller-dev.startupblitz.de\/fr\/shop\/service-cuisine-fr\/sk-tabliers-fr\/tabliers-bavette-sk-fr\/latzschuerze-extrabreit-2\/#primaryimage"},"image":{"@id":"https:\/\/trade-mueller-dev.startupblitz.de\/fr\/shop\/service-cuisine-fr\/sk-tabliers-fr\/tabliers-bavette-sk-fr\/latzschuerze-extrabreit-2\/#primaryimage"},"thumbnailUrl":"https:\/\/trade-mueller-dev.startupblitz.de\/wp-content\/uploads\/sites\/2\/31502-2-0-0-100-Lo-Res_1-jpg-avif.webp","datePublished":"2024-10-09T19:50:35+00:00","dateModified":"2024-10-28T17:17:24+00:00","description":"Latzsch\u00fcrze extrabreit - M\u00dcLLER TRADE","breadcrumb":{"@id":"https:\/\/trade-mueller-dev.startupblitz.de\/fr\/shop\/service-cuisine-fr\/sk-tabliers-fr\/tabliers-bavette-sk-fr\/latzschuerze-extrabreit-2\/#breadcrumb"},"inLanguage":"fr-FR","potentialAction":[{"@type":"ReadAction","target":["https:\/\/trade-mueller-dev.startupblitz.de\/fr\/shop\/service-cuisine-fr\/sk-tabliers-fr\/tabliers-bavette-sk-fr\/latzschuerze-extrabreit-2\/"]}]},{"@type":"ImageObject","inLanguage":"fr-FR","@id":"https:\/\/trade-mueller-dev.startupblitz.de\/fr\/shop\/service-cuisine-fr\/sk-tabliers-fr\/tabliers-bavette-sk-fr\/latzschuerze-extrabreit-2\/#primaryimage","url":"https:\/\/trade-mueller-dev.startupblitz.de\/wp-content\/uploads\/sites\/2\/31502-2-0-0-100-Lo-Res_1-jpg-avif.webp","contentUrl":"https:\/\/trade-mueller-dev.startupblitz.de\/wp-content\/uploads\/sites\/2\/31502-2-0-0-100-Lo-Res_1-jpg-avif.webp","width":801,"height":1200},{"@type":"BreadcrumbList","@id":"https:\/\/trade-mueller-dev.startupblitz.de\/fr\/shop\/service-cuisine-fr\/sk-tabliers-fr\/tabliers-bavette-sk-fr\/latzschuerze-extrabreit-2\/#breadcrumb","itemListElement":[{"@type":"ListItem","position":1,"name":"Startseite","item":"https:\/\/trade-mueller-dev.startupblitz.de\/fr\/"},{"@type":"ListItem","position":2,"name":"Shop","item":"https:\/\/trade-mueller-dev.startupblitz.de\/fr\/shop\/"},{"@type":"ListItem","position":3,"name":"Latzsch\u00fcrze extrabreit"}]},{"@type":"WebSite","@id":"https:\/\/trade-mueller-dev.startupblitz.de\/fr\/#website","url":"https:\/\/trade-mueller-dev.startupblitz.de\/fr\/","name":"M\u00fcller Trade","description":"IHR B2B SHOP F\u00dcR BERUFSBEKLEIDUNG","publisher":{"@id":"https:\/\/trade-mueller-dev.startupblitz.de\/fr\/#organization"},"potentialAction":[{"@type":"SearchAction","target":{"@type":"EntryPoint","urlTemplate":"https:\/\/trade-mueller-dev.startupblitz.de\/fr\/?s={search_term_string}"},"query-input":{"@type":"PropertyValueSpecification","valueRequired":true,"valueName":"search_term_string"}}],"inLanguage":"fr-FR"},{"@type":"Organization","@id":"https:\/\/trade-mueller-dev.startupblitz.de\/fr\/#organization","name":"M\u00fcller Trade Corporate Clothing","url":"https:\/\/trade-mueller-dev.startupblitz.de\/fr\/","logo":{"@type":"ImageObject","inLanguage":"fr-FR","@id":"https:\/\/trade-mueller-dev.startupblitz.de\/fr\/#\/schema\/logo\/image\/","url":"https:\/\/trade-mueller-dev.startupblitz.de\/wp-content\/uploads\/sites\/2\/cropped-cropped-mt-icon.png","contentUrl":"https:\/\/trade-mueller-dev.startupblitz.de\/wp-content\/uploads\/sites\/2\/cropped-cropped-mt-icon.png","width":512,"height":512,"caption":"M\u00fcller Trade Corporate Clothing"},"image":{"@id":"https:\/\/trade-mueller-dev.startupblitz.de\/fr\/#\/schema\/logo\/image\/"}}]}},"brands":[{"id":4559,"name":"Kentaur","slug":"kentaur-fr"}],"_links":{"self":[{"href":"https:\/\/trade-mueller-dev.startupblitz.de\/fr\/wp-json\/wp\/v2\/product\/263563","targetHints":{"allow":["GET"]}}],"collection":[{"href":"https:\/\/trade-mueller-dev.startupblitz.de\/fr\/wp-json\/wp\/v2\/product"}],"about":[{"href":"https:\/\/trade-mueller-dev.startupblitz.de\/fr\/wp-json\/wp\/v2\/types\/product"}],"wp:featuredmedia":[{"embeddable":true,"href":"https:\/\/trade-mueller-dev.startupblitz.de\/fr\/wp-json\/wp\/v2\/media\/57256"}],"wp:attachment":[{"href":"https:\/\/trade-mueller-dev.startupblitz.de\/fr\/wp-json\/wp\/v2\/media?parent=263563"}],"wp:term":[{"taxonomy":"pwb-brand","embeddable":true,"href":"https:\/\/trade-mueller-dev.startupblitz.de\/fr\/wp-json\/wp\/v2\/pwb-brand?post=263563"},{"taxonomy":"product_brand","embeddable":true,"href":"https:\/\/trade-mueller-dev.startupblitz.de\/fr\/wp-json\/wp\/v2\/product_brand?post=263563"},{"taxonomy":"product_cat","embeddable":true,"href":"https:\/\/trade-mueller-dev.startupblitz.de\/fr\/wp-json\/wp\/v2\/product_cat?post=263563"},{"taxonomy":"product_tag","embeddable":true,"href":"https:\/\/trade-mueller-dev.startupblitz.de\/fr\/wp-json\/wp\/v2\/product_tag?post=263563"}],"curies":[{"name":"wp","href":"https:\/\/api.w.org\/{rel}","templated":true}]}}