{"id":253505,"date":"2024-06-12T07:14:43","date_gmt":"2024-06-12T05:14:43","guid":{"rendered":"https:\/\/trade-mueller-dev.startupblitz.de\/shop\/unkategorisiert\/manteau-femme\/"},"modified":"2024-10-28T18:27:14","modified_gmt":"2024-10-28T17:27:14","slug":"manteau-femme","status":"publish","type":"product","link":"https:\/\/trade-mueller-dev.startupblitz.de\/fr\/shop\/corporate-wear-fr\/manteaux-cw-fr\/manteau-femme\/","title":{"rendered":"Manteau femme"},"content":{"rendered":"<\/p>\n<ul>\n<li>Regular Fit<\/li>\n<li>3 buttons<\/li>\n<li>col revers<\/li>\n<li>vienne cousue<\/li>\n<li>2 poches passepoil\u00e9es<\/li>\n<li>1 poche int\u00e9rieure<\/li>\n<li>doubl\u00e9<\/li>\n<li>longueur du dos 91cm<\/li>\n<\/ul>\n<p>Tailles\u00a0XS &#8211; 2XL<\/p>\n<ul>\n<li>48% polyester, 48% laine, 3% polyamid, 2% \u00e9lastanne<\/li>\n<li>doublure: 50% polyester, 50% viscose<\/li>\n<\/ul>\n<p class=\"care-icons\">f 9 4 i_W<\/p><\/p>\n","protected":false},"excerpt":{"rendered":"<p>Regular Fit 3 buttons col revers vienne cousue 2 poches passepoil\u00e9es 1 poche int\u00e9rieure doubl\u00e9 longueur du dos 91cm Tailles\u00a0XS &#8211; 2XL 48% polyester, 48% laine, 3% polyamid, 2% \u00e9lastanne doublure: 50% polyester, 50% viscose f 9 4 i_W [&#8230;]<\/p>\n<p><a class=\"btn btn-secondary understrap-read-more-link\" href=\"https:\/\/trade-mueller-dev.startupblitz.de\/fr\/shop\/corporate-wear-fr\/manteaux-cw-fr\/manteau-femme\/\">plus<span class=\"screen-reader-text\"> from Manteau femme<\/span><\/a><\/p>\n","protected":false},"featured_media":53020,"template":"","meta":{"_acf_changed":false,"inline_featured_image":false},"pwb-brand":[4547],"product_brand":[],"product_cat":[1262,3366,3416,3437],"product_tag":[],"class_list":{"0":"post-253505","1":"product","2":"type-product","3":"status-publish","4":"has-post-thumbnail","6":"pwb-brand-greiff-fr","7":"product_cat-tout","8":"product_cat-manteaux","9":"product_cat-corporate-wear-fr","10":"product_cat-manteaux-cw-fr","11":"pa_color-010-noir","12":"pa_color-group-noir","13":"pa_fit-regular-fit","14":"pa_gender-femmes","15":"pa_size-international-l-fr","16":"pa_size-international-m-fr","17":"pa_size-international-s-fr","18":"pa_size-international-xl-fr","19":"pa_size-international-xs-fr","20":"pa_size-international-xxl-fr","22":"","23":"instock","24":"taxable","25":"shipping-taxable","26":"purchasable","27":"product-type-variable"},"acf":[],"yoast_head":"<title>Manteau femme - M\u00dcLLER TRADE<\/title>\n<meta name=\"description\" content=\"Manteau femme - M\u00dcLLER TRADE\" \/>\n<meta name=\"robots\" content=\"noindex, follow, max-snippet:-1, max-image-preview:large, max-video-preview:-1\" \/>\n<meta property=\"og:locale\" content=\"fr_FR\" \/>\n<meta property=\"og:type\" content=\"article\" \/>\n<meta property=\"og:title\" content=\"Manteau femme - M\u00dcLLER TRADE\" \/>\n<meta property=\"og:description\" content=\"Manteau femme - M\u00dcLLER TRADE\" \/>\n<meta property=\"og:url\" content=\"https:\/\/trade-mueller-dev.startupblitz.de\/fr\/shop\/corporate-wear-fr\/manteaux-cw-fr\/manteau-femme\/\" \/>\n<meta property=\"og:site_name\" content=\"M\u00dcLLER TRADE\" \/>\n<meta property=\"article:modified_time\" content=\"2024-10-28T17:27:14+00:00\" \/>\n<meta property=\"og:image\" content=\"https:\/\/trade-mueller-dev.startupblitz.de\/wp-content\/uploads\/sites\/2\/1844_1650_010_V-1.jpg\" \/>\n\t<meta property=\"og:image:width\" content=\"642\" \/>\n\t<meta property=\"og:image:height\" content=\"963\" \/>\n\t<meta property=\"og:image:type\" content=\"image\/jpeg\" \/>\n<meta name=\"twitter:card\" content=\"summary_large_image\" \/>\n<script type=\"application\/ld+json\" class=\"yoast-schema-graph\">{\"@context\":\"https:\/\/schema.org\",\"@graph\":[{\"@type\":\"WebPage\",\"@id\":\"https:\/\/trade-mueller-dev.startupblitz.de\/fr\/shop\/corporate-wear-fr\/manteaux-cw-fr\/manteau-femme\/\",\"url\":\"https:\/\/trade-mueller-dev.startupblitz.de\/fr\/shop\/corporate-wear-fr\/manteaux-cw-fr\/manteau-femme\/\",\"name\":\"Manteau femme - M\u00dcLLER TRADE\",\"isPartOf\":{\"@id\":\"https:\/\/trade-mueller-dev.startupblitz.de\/fr\/#website\"},\"primaryImageOfPage\":{\"@id\":\"https:\/\/trade-mueller-dev.startupblitz.de\/fr\/shop\/corporate-wear-fr\/manteaux-cw-fr\/manteau-femme\/#primaryimage\"},\"image\":{\"@id\":\"https:\/\/trade-mueller-dev.startupblitz.de\/fr\/shop\/corporate-wear-fr\/manteaux-cw-fr\/manteau-femme\/#primaryimage\"},\"thumbnailUrl\":\"https:\/\/trade-mueller-dev.startupblitz.de\/wp-content\/uploads\/sites\/2\/1844_1650_010_V-1-jpg-avif.webp\",\"datePublished\":\"2024-06-12T05:14:43+00:00\",\"dateModified\":\"2024-10-28T17:27:14+00:00\",\"description\":\"Manteau femme - M\u00dcLLER TRADE\",\"breadcrumb\":{\"@id\":\"https:\/\/trade-mueller-dev.startupblitz.de\/fr\/shop\/corporate-wear-fr\/manteaux-cw-fr\/manteau-femme\/#breadcrumb\"},\"inLanguage\":\"fr-FR\",\"potentialAction\":[{\"@type\":\"ReadAction\",\"target\":[\"https:\/\/trade-mueller-dev.startupblitz.de\/fr\/shop\/corporate-wear-fr\/manteaux-cw-fr\/manteau-femme\/\"]}]},{\"@type\":\"ImageObject\",\"inLanguage\":\"fr-FR\",\"@id\":\"https:\/\/trade-mueller-dev.startupblitz.de\/fr\/shop\/corporate-wear-fr\/manteaux-cw-fr\/manteau-femme\/#primaryimage\",\"url\":\"https:\/\/trade-mueller-dev.startupblitz.de\/wp-content\/uploads\/sites\/2\/1844_1650_010_V-1-jpg-avif.webp\",\"contentUrl\":\"https:\/\/trade-mueller-dev.startupblitz.de\/wp-content\/uploads\/sites\/2\/1844_1650_010_V-1-jpg-avif.webp\",\"width\":642,\"height\":963},{\"@type\":\"BreadcrumbList\",\"@id\":\"https:\/\/trade-mueller-dev.startupblitz.de\/fr\/shop\/corporate-wear-fr\/manteaux-cw-fr\/manteau-femme\/#breadcrumb\",\"itemListElement\":[{\"@type\":\"ListItem\",\"position\":1,\"name\":\"Startseite\",\"item\":\"https:\/\/trade-mueller-dev.startupblitz.de\/fr\/\"},{\"@type\":\"ListItem\",\"position\":2,\"name\":\"Shop\",\"item\":\"https:\/\/trade-mueller-dev.startupblitz.de\/fr\/shop\/\"},{\"@type\":\"ListItem\",\"position\":3,\"name\":\"Manteau femme\"}]},{\"@type\":\"WebSite\",\"@id\":\"https:\/\/trade-mueller-dev.startupblitz.de\/fr\/#website\",\"url\":\"https:\/\/trade-mueller-dev.startupblitz.de\/fr\/\",\"name\":\"M\u00fcller Trade\",\"description\":\"IHR B2B SHOP F\u00dcR BERUFSBEKLEIDUNG\",\"publisher\":{\"@id\":\"https:\/\/trade-mueller-dev.startupblitz.de\/fr\/#organization\"},\"potentialAction\":[{\"@type\":\"SearchAction\",\"target\":{\"@type\":\"EntryPoint\",\"urlTemplate\":\"https:\/\/trade-mueller-dev.startupblitz.de\/fr\/?s={search_term_string}\"},\"query-input\":{\"@type\":\"PropertyValueSpecification\",\"valueRequired\":true,\"valueName\":\"search_term_string\"}}],\"inLanguage\":\"fr-FR\"},{\"@type\":\"Organization\",\"@id\":\"https:\/\/trade-mueller-dev.startupblitz.de\/fr\/#organization\",\"name\":\"M\u00fcller Trade Corporate Clothing\",\"url\":\"https:\/\/trade-mueller-dev.startupblitz.de\/fr\/\",\"logo\":{\"@type\":\"ImageObject\",\"inLanguage\":\"fr-FR\",\"@id\":\"https:\/\/trade-mueller-dev.startupblitz.de\/fr\/#\/schema\/logo\/image\/\",\"url\":\"https:\/\/trade-mueller-dev.startupblitz.de\/wp-content\/uploads\/sites\/2\/cropped-cropped-mt-icon.png\",\"contentUrl\":\"https:\/\/trade-mueller-dev.startupblitz.de\/wp-content\/uploads\/sites\/2\/cropped-cropped-mt-icon.png\",\"width\":512,\"height\":512,\"caption\":\"M\u00fcller Trade Corporate Clothing\"},\"image\":{\"@id\":\"https:\/\/trade-mueller-dev.startupblitz.de\/fr\/#\/schema\/logo\/image\/\"}}]}<\/script>","yoast_head_json":{"title":"Manteau femme - M\u00dcLLER TRADE","description":"Manteau femme - M\u00dcLLER TRADE","robots":{"index":"noindex","follow":"follow","max-snippet":"max-snippet:-1","max-image-preview":"max-image-preview:large","max-video-preview":"max-video-preview:-1"},"og_locale":"fr_FR","og_type":"article","og_title":"Manteau femme - M\u00dcLLER TRADE","og_description":"Manteau femme - M\u00dcLLER TRADE","og_url":"https:\/\/trade-mueller-dev.startupblitz.de\/fr\/shop\/corporate-wear-fr\/manteaux-cw-fr\/manteau-femme\/","og_site_name":"M\u00dcLLER TRADE","article_modified_time":"2024-10-28T17:27:14+00:00","og_image":[{"width":642,"height":963,"url":"https:\/\/trade-mueller-dev.startupblitz.de\/wp-content\/uploads\/sites\/2\/1844_1650_010_V-1.jpg","type":"image\/jpeg"}],"twitter_card":"summary_large_image","schema":{"@context":"https:\/\/schema.org","@graph":[{"@type":"WebPage","@id":"https:\/\/trade-mueller-dev.startupblitz.de\/fr\/shop\/corporate-wear-fr\/manteaux-cw-fr\/manteau-femme\/","url":"https:\/\/trade-mueller-dev.startupblitz.de\/fr\/shop\/corporate-wear-fr\/manteaux-cw-fr\/manteau-femme\/","name":"Manteau femme - M\u00dcLLER TRADE","isPartOf":{"@id":"https:\/\/trade-mueller-dev.startupblitz.de\/fr\/#website"},"primaryImageOfPage":{"@id":"https:\/\/trade-mueller-dev.startupblitz.de\/fr\/shop\/corporate-wear-fr\/manteaux-cw-fr\/manteau-femme\/#primaryimage"},"image":{"@id":"https:\/\/trade-mueller-dev.startupblitz.de\/fr\/shop\/corporate-wear-fr\/manteaux-cw-fr\/manteau-femme\/#primaryimage"},"thumbnailUrl":"https:\/\/trade-mueller-dev.startupblitz.de\/wp-content\/uploads\/sites\/2\/1844_1650_010_V-1-jpg-avif.webp","datePublished":"2024-06-12T05:14:43+00:00","dateModified":"2024-10-28T17:27:14+00:00","description":"Manteau femme - M\u00dcLLER TRADE","breadcrumb":{"@id":"https:\/\/trade-mueller-dev.startupblitz.de\/fr\/shop\/corporate-wear-fr\/manteaux-cw-fr\/manteau-femme\/#breadcrumb"},"inLanguage":"fr-FR","potentialAction":[{"@type":"ReadAction","target":["https:\/\/trade-mueller-dev.startupblitz.de\/fr\/shop\/corporate-wear-fr\/manteaux-cw-fr\/manteau-femme\/"]}]},{"@type":"ImageObject","inLanguage":"fr-FR","@id":"https:\/\/trade-mueller-dev.startupblitz.de\/fr\/shop\/corporate-wear-fr\/manteaux-cw-fr\/manteau-femme\/#primaryimage","url":"https:\/\/trade-mueller-dev.startupblitz.de\/wp-content\/uploads\/sites\/2\/1844_1650_010_V-1-jpg-avif.webp","contentUrl":"https:\/\/trade-mueller-dev.startupblitz.de\/wp-content\/uploads\/sites\/2\/1844_1650_010_V-1-jpg-avif.webp","width":642,"height":963},{"@type":"BreadcrumbList","@id":"https:\/\/trade-mueller-dev.startupblitz.de\/fr\/shop\/corporate-wear-fr\/manteaux-cw-fr\/manteau-femme\/#breadcrumb","itemListElement":[{"@type":"ListItem","position":1,"name":"Startseite","item":"https:\/\/trade-mueller-dev.startupblitz.de\/fr\/"},{"@type":"ListItem","position":2,"name":"Shop","item":"https:\/\/trade-mueller-dev.startupblitz.de\/fr\/shop\/"},{"@type":"ListItem","position":3,"name":"Manteau femme"}]},{"@type":"WebSite","@id":"https:\/\/trade-mueller-dev.startupblitz.de\/fr\/#website","url":"https:\/\/trade-mueller-dev.startupblitz.de\/fr\/","name":"M\u00fcller Trade","description":"IHR B2B SHOP F\u00dcR BERUFSBEKLEIDUNG","publisher":{"@id":"https:\/\/trade-mueller-dev.startupblitz.de\/fr\/#organization"},"potentialAction":[{"@type":"SearchAction","target":{"@type":"EntryPoint","urlTemplate":"https:\/\/trade-mueller-dev.startupblitz.de\/fr\/?s={search_term_string}"},"query-input":{"@type":"PropertyValueSpecification","valueRequired":true,"valueName":"search_term_string"}}],"inLanguage":"fr-FR"},{"@type":"Organization","@id":"https:\/\/trade-mueller-dev.startupblitz.de\/fr\/#organization","name":"M\u00fcller Trade Corporate Clothing","url":"https:\/\/trade-mueller-dev.startupblitz.de\/fr\/","logo":{"@type":"ImageObject","inLanguage":"fr-FR","@id":"https:\/\/trade-mueller-dev.startupblitz.de\/fr\/#\/schema\/logo\/image\/","url":"https:\/\/trade-mueller-dev.startupblitz.de\/wp-content\/uploads\/sites\/2\/cropped-cropped-mt-icon.png","contentUrl":"https:\/\/trade-mueller-dev.startupblitz.de\/wp-content\/uploads\/sites\/2\/cropped-cropped-mt-icon.png","width":512,"height":512,"caption":"M\u00fcller Trade Corporate Clothing"},"image":{"@id":"https:\/\/trade-mueller-dev.startupblitz.de\/fr\/#\/schema\/logo\/image\/"}}]}},"brands":[{"id":4547,"name":"Greiff","slug":"greiff-fr"}],"_links":{"self":[{"href":"https:\/\/trade-mueller-dev.startupblitz.de\/fr\/wp-json\/wp\/v2\/product\/253505","targetHints":{"allow":["GET"]}}],"collection":[{"href":"https:\/\/trade-mueller-dev.startupblitz.de\/fr\/wp-json\/wp\/v2\/product"}],"about":[{"href":"https:\/\/trade-mueller-dev.startupblitz.de\/fr\/wp-json\/wp\/v2\/types\/product"}],"wp:featuredmedia":[{"embeddable":true,"href":"https:\/\/trade-mueller-dev.startupblitz.de\/fr\/wp-json\/wp\/v2\/media\/53020"}],"wp:attachment":[{"href":"https:\/\/trade-mueller-dev.startupblitz.de\/fr\/wp-json\/wp\/v2\/media?parent=253505"}],"wp:term":[{"taxonomy":"pwb-brand","embeddable":true,"href":"https:\/\/trade-mueller-dev.startupblitz.de\/fr\/wp-json\/wp\/v2\/pwb-brand?post=253505"},{"taxonomy":"product_brand","embeddable":true,"href":"https:\/\/trade-mueller-dev.startupblitz.de\/fr\/wp-json\/wp\/v2\/product_brand?post=253505"},{"taxonomy":"product_cat","embeddable":true,"href":"https:\/\/trade-mueller-dev.startupblitz.de\/fr\/wp-json\/wp\/v2\/product_cat?post=253505"},{"taxonomy":"product_tag","embeddable":true,"href":"https:\/\/trade-mueller-dev.startupblitz.de\/fr\/wp-json\/wp\/v2\/product_tag?post=253505"}],"curies":[{"name":"wp","href":"https:\/\/api.w.org\/{rel}","templated":true}]}}