{"id":247461,"date":"2024-06-11T16:08:11","date_gmt":"2024-06-11T14:08:11","guid":{"rendered":"https:\/\/trade-mueller-dev.startupblitz.de\/shop\/unkategorisiert\/tunique-femme\/"},"modified":"2024-10-28T18:08:53","modified_gmt":"2024-10-28T17:08:53","slug":"tunique-femme-2","status":"publish","type":"product","link":"https:\/\/trade-mueller-dev.startupblitz.de\/fr\/shop\/wellness-spa-fr\/tuniques-casaques-ws-fr\/manches-courtes-fr\/tunique-femme-2\/","title":{"rendered":"Tunique femme"},"content":{"rendered":"<\/p>\n<ul>\n<li>cintr\u00e9e<\/li>\n<li>Col montant<\/li>\n<li>boutons de couleur contrast\u00e9e<\/li>\n<li>revers taill\u00e9 en oblique<\/li>\n<li>poche appliqu\u00e9e \u00e0 droite<\/li>\n<li>pli dans le dos pour plus de libert\u00e9 de mouvement<\/li>\n<li>fentes lat\u00e9rales<\/li>\n<li>facile d\u2019entretien<\/li>\n<li>grand teint<\/li>\n<li>rafra\u00eechissent la peau<\/li>\n<li>r\u00e9sistant \u00e0 la lumi\u00e8re<\/li>\n<li>appropri\u00e9 au lavage industriel et au finisher<\/li>\n<\/ul>\n<p>Tailles 34 &#8211; 52<\/p>\n<ul>\n<li>60% polyester, 35% coton, 5% EOL Stretch<\/li>\n<\/ul>\n<p class=\"care-icons\">e 8 1 n_W<\/p><\/p>\n","protected":false},"excerpt":{"rendered":"<p>cintr\u00e9e Col montant boutons de couleur contrast\u00e9e revers taill\u00e9 en oblique poche appliqu\u00e9e \u00e0 droite pli dans le dos pour plus de libert\u00e9 de mouvement fentes lat\u00e9rales facile d\u2019entretien grand teint rafra\u00eechissent la peau r\u00e9sistant \u00e0 la lumi\u00e8re appropri\u00e9 au lavage industriel et au finisher Tailles 34 &#8211; 52 60% polyester, 35% coton, 5% EOL [&#8230;]<\/p>\n<p><a class=\"btn btn-secondary understrap-read-more-link\" href=\"https:\/\/trade-mueller-dev.startupblitz.de\/fr\/shop\/wellness-spa-fr\/tuniques-casaques-ws-fr\/manches-courtes-fr\/tunique-femme-2\/\">plus<span class=\"screen-reader-text\"> from Tunique femme<\/span><\/a><\/p>\n","protected":false},"featured_media":4604,"template":"","meta":{"_acf_changed":false,"inline_featured_image":false},"pwb-brand":[4553],"product_brand":[],"product_cat":[1262,3377,3444,3451,3449,3501,3387,3507],"product_tag":[],"class_list":{"0":"post-247461","1":"product","2":"type-product","3":"status-publish","4":"has-post-thumbnail","6":"pwb-brand-cg-fr","7":"product_cat-tout","8":"product_cat-tuniques-casaques","9":"product_cat-housekeeping-fr","10":"product_cat-manches-courtes-hsk-fr","11":"product_cat-tuniques-casaques-hsk-fr","12":"product_cat-wellness-spa-fr","13":"product_cat-manches-courtes-fr","14":"product_cat-tuniques-casaques-ws-fr","15":"pa_color-noir-3","16":"pa_color-group-noir","17":"pa_gender-femmes","19":"","20":"instock","21":"taxable","22":"shipping-taxable","23":"purchasable","24":"product-type-variable"},"acf":[],"yoast_head":"<title>Tunique femme - M\u00dcLLER TRADE<\/title>\n<meta name=\"description\" content=\"Tunique femme - M\u00dcLLER TRADE\" \/>\n<meta name=\"robots\" content=\"noindex, follow, max-snippet:-1, max-image-preview:large, max-video-preview:-1\" \/>\n<meta property=\"og:locale\" content=\"fr_FR\" \/>\n<meta property=\"og:type\" content=\"article\" \/>\n<meta property=\"og:title\" content=\"Tunique femme - M\u00dcLLER TRADE\" \/>\n<meta property=\"og:description\" content=\"Tunique femme - M\u00dcLLER TRADE\" \/>\n<meta property=\"og:url\" content=\"https:\/\/trade-mueller-dev.startupblitz.de\/fr\/shop\/wellness-spa-fr\/tuniques-casaques-ws-fr\/manches-courtes-fr\/tunique-femme-2\/\" \/>\n<meta property=\"og:site_name\" content=\"M\u00dcLLER TRADE\" \/>\n<meta property=\"article:modified_time\" content=\"2024-10-28T17:08:53+00:00\" \/>\n<meta property=\"og:image\" content=\"https:\/\/trade-mueller-dev.startupblitz.de\/wp-content\/uploads\/sites\/2\/K0632002_Livorno_Lady_schwarz-1-scaled-1-jpg-avif.webp\" \/>\n\t<meta property=\"og:image:width\" content=\"1896\" \/>\n\t<meta property=\"og:image:height\" content=\"2560\" \/>\n\t<meta property=\"og:image:type\" content=\"image\/jpeg\" \/>\n<meta name=\"twitter:card\" content=\"summary_large_image\" \/>\n<script type=\"application\/ld+json\" class=\"yoast-schema-graph\">{\"@context\":\"https:\/\/schema.org\",\"@graph\":[{\"@type\":\"WebPage\",\"@id\":\"https:\/\/trade-mueller-dev.startupblitz.de\/fr\/shop\/wellness-spa-fr\/tuniques-casaques-ws-fr\/manches-courtes-fr\/tunique-femme-2\/\",\"url\":\"https:\/\/trade-mueller-dev.startupblitz.de\/fr\/shop\/wellness-spa-fr\/tuniques-casaques-ws-fr\/manches-courtes-fr\/tunique-femme-2\/\",\"name\":\"Tunique femme - M\u00dcLLER TRADE\",\"isPartOf\":{\"@id\":\"https:\/\/trade-mueller-dev.startupblitz.de\/fr\/#website\"},\"primaryImageOfPage\":{\"@id\":\"https:\/\/trade-mueller-dev.startupblitz.de\/fr\/shop\/wellness-spa-fr\/tuniques-casaques-ws-fr\/manches-courtes-fr\/tunique-femme-2\/#primaryimage\"},\"image\":{\"@id\":\"https:\/\/trade-mueller-dev.startupblitz.de\/fr\/shop\/wellness-spa-fr\/tuniques-casaques-ws-fr\/manches-courtes-fr\/tunique-femme-2\/#primaryimage\"},\"thumbnailUrl\":\"https:\/\/trade-mueller-dev.startupblitz.de\/wp-content\/uploads\/sites\/2\/K0632002_Livorno_Lady_schwarz-1-scaled-1-jpg-avif.webp\",\"datePublished\":\"2024-06-11T14:08:11+00:00\",\"dateModified\":\"2024-10-28T17:08:53+00:00\",\"description\":\"Tunique femme - M\u00dcLLER TRADE\",\"breadcrumb\":{\"@id\":\"https:\/\/trade-mueller-dev.startupblitz.de\/fr\/shop\/wellness-spa-fr\/tuniques-casaques-ws-fr\/manches-courtes-fr\/tunique-femme-2\/#breadcrumb\"},\"inLanguage\":\"fr-FR\",\"potentialAction\":[{\"@type\":\"ReadAction\",\"target\":[\"https:\/\/trade-mueller-dev.startupblitz.de\/fr\/shop\/wellness-spa-fr\/tuniques-casaques-ws-fr\/manches-courtes-fr\/tunique-femme-2\/\"]}]},{\"@type\":\"ImageObject\",\"inLanguage\":\"fr-FR\",\"@id\":\"https:\/\/trade-mueller-dev.startupblitz.de\/fr\/shop\/wellness-spa-fr\/tuniques-casaques-ws-fr\/manches-courtes-fr\/tunique-femme-2\/#primaryimage\",\"url\":\"https:\/\/trade-mueller-dev.startupblitz.de\/wp-content\/uploads\/sites\/2\/K0632002_Livorno_Lady_schwarz-1-scaled-1-jpg-avif.webp\",\"contentUrl\":\"https:\/\/trade-mueller-dev.startupblitz.de\/wp-content\/uploads\/sites\/2\/K0632002_Livorno_Lady_schwarz-1-scaled-1-jpg-avif.webp\",\"width\":1896,\"height\":2560},{\"@type\":\"BreadcrumbList\",\"@id\":\"https:\/\/trade-mueller-dev.startupblitz.de\/fr\/shop\/wellness-spa-fr\/tuniques-casaques-ws-fr\/manches-courtes-fr\/tunique-femme-2\/#breadcrumb\",\"itemListElement\":[{\"@type\":\"ListItem\",\"position\":1,\"name\":\"Startseite\",\"item\":\"https:\/\/trade-mueller-dev.startupblitz.de\/fr\/\"},{\"@type\":\"ListItem\",\"position\":2,\"name\":\"Shop\",\"item\":\"https:\/\/trade-mueller-dev.startupblitz.de\/fr\/shop\/\"},{\"@type\":\"ListItem\",\"position\":3,\"name\":\"Tunique femme\"}]},{\"@type\":\"WebSite\",\"@id\":\"https:\/\/trade-mueller-dev.startupblitz.de\/fr\/#website\",\"url\":\"https:\/\/trade-mueller-dev.startupblitz.de\/fr\/\",\"name\":\"M\u00fcller Trade\",\"description\":\"IHR B2B SHOP F\u00dcR BERUFSBEKLEIDUNG\",\"publisher\":{\"@id\":\"https:\/\/trade-mueller-dev.startupblitz.de\/fr\/#organization\"},\"potentialAction\":[{\"@type\":\"SearchAction\",\"target\":{\"@type\":\"EntryPoint\",\"urlTemplate\":\"https:\/\/trade-mueller-dev.startupblitz.de\/fr\/?s={search_term_string}\"},\"query-input\":{\"@type\":\"PropertyValueSpecification\",\"valueRequired\":true,\"valueName\":\"search_term_string\"}}],\"inLanguage\":\"fr-FR\"},{\"@type\":\"Organization\",\"@id\":\"https:\/\/trade-mueller-dev.startupblitz.de\/fr\/#organization\",\"name\":\"M\u00fcller Trade Corporate Clothing\",\"url\":\"https:\/\/trade-mueller-dev.startupblitz.de\/fr\/\",\"logo\":{\"@type\":\"ImageObject\",\"inLanguage\":\"fr-FR\",\"@id\":\"https:\/\/trade-mueller-dev.startupblitz.de\/fr\/#\/schema\/logo\/image\/\",\"url\":\"https:\/\/trade-mueller-dev.startupblitz.de\/wp-content\/uploads\/sites\/2\/cropped-cropped-mt-icon.png\",\"contentUrl\":\"https:\/\/trade-mueller-dev.startupblitz.de\/wp-content\/uploads\/sites\/2\/cropped-cropped-mt-icon.png\",\"width\":512,\"height\":512,\"caption\":\"M\u00fcller Trade Corporate Clothing\"},\"image\":{\"@id\":\"https:\/\/trade-mueller-dev.startupblitz.de\/fr\/#\/schema\/logo\/image\/\"}}]}<\/script>","yoast_head_json":{"title":"Tunique femme - M\u00dcLLER TRADE","description":"Tunique femme - M\u00dcLLER TRADE","robots":{"index":"noindex","follow":"follow","max-snippet":"max-snippet:-1","max-image-preview":"max-image-preview:large","max-video-preview":"max-video-preview:-1"},"og_locale":"fr_FR","og_type":"article","og_title":"Tunique femme - M\u00dcLLER TRADE","og_description":"Tunique femme - M\u00dcLLER TRADE","og_url":"https:\/\/trade-mueller-dev.startupblitz.de\/fr\/shop\/wellness-spa-fr\/tuniques-casaques-ws-fr\/manches-courtes-fr\/tunique-femme-2\/","og_site_name":"M\u00dcLLER TRADE","article_modified_time":"2024-10-28T17:08:53+00:00","og_image":[{"width":1896,"height":2560,"url":"https:\/\/trade-mueller-dev.startupblitz.de\/wp-content\/uploads\/sites\/2\/K0632002_Livorno_Lady_schwarz-1-scaled-1-jpg-avif.webp","type":"image\/jpeg"}],"twitter_card":"summary_large_image","schema":{"@context":"https:\/\/schema.org","@graph":[{"@type":"WebPage","@id":"https:\/\/trade-mueller-dev.startupblitz.de\/fr\/shop\/wellness-spa-fr\/tuniques-casaques-ws-fr\/manches-courtes-fr\/tunique-femme-2\/","url":"https:\/\/trade-mueller-dev.startupblitz.de\/fr\/shop\/wellness-spa-fr\/tuniques-casaques-ws-fr\/manches-courtes-fr\/tunique-femme-2\/","name":"Tunique femme - M\u00dcLLER TRADE","isPartOf":{"@id":"https:\/\/trade-mueller-dev.startupblitz.de\/fr\/#website"},"primaryImageOfPage":{"@id":"https:\/\/trade-mueller-dev.startupblitz.de\/fr\/shop\/wellness-spa-fr\/tuniques-casaques-ws-fr\/manches-courtes-fr\/tunique-femme-2\/#primaryimage"},"image":{"@id":"https:\/\/trade-mueller-dev.startupblitz.de\/fr\/shop\/wellness-spa-fr\/tuniques-casaques-ws-fr\/manches-courtes-fr\/tunique-femme-2\/#primaryimage"},"thumbnailUrl":"https:\/\/trade-mueller-dev.startupblitz.de\/wp-content\/uploads\/sites\/2\/K0632002_Livorno_Lady_schwarz-1-scaled-1-jpg-avif.webp","datePublished":"2024-06-11T14:08:11+00:00","dateModified":"2024-10-28T17:08:53+00:00","description":"Tunique femme - M\u00dcLLER TRADE","breadcrumb":{"@id":"https:\/\/trade-mueller-dev.startupblitz.de\/fr\/shop\/wellness-spa-fr\/tuniques-casaques-ws-fr\/manches-courtes-fr\/tunique-femme-2\/#breadcrumb"},"inLanguage":"fr-FR","potentialAction":[{"@type":"ReadAction","target":["https:\/\/trade-mueller-dev.startupblitz.de\/fr\/shop\/wellness-spa-fr\/tuniques-casaques-ws-fr\/manches-courtes-fr\/tunique-femme-2\/"]}]},{"@type":"ImageObject","inLanguage":"fr-FR","@id":"https:\/\/trade-mueller-dev.startupblitz.de\/fr\/shop\/wellness-spa-fr\/tuniques-casaques-ws-fr\/manches-courtes-fr\/tunique-femme-2\/#primaryimage","url":"https:\/\/trade-mueller-dev.startupblitz.de\/wp-content\/uploads\/sites\/2\/K0632002_Livorno_Lady_schwarz-1-scaled-1-jpg-avif.webp","contentUrl":"https:\/\/trade-mueller-dev.startupblitz.de\/wp-content\/uploads\/sites\/2\/K0632002_Livorno_Lady_schwarz-1-scaled-1-jpg-avif.webp","width":1896,"height":2560},{"@type":"BreadcrumbList","@id":"https:\/\/trade-mueller-dev.startupblitz.de\/fr\/shop\/wellness-spa-fr\/tuniques-casaques-ws-fr\/manches-courtes-fr\/tunique-femme-2\/#breadcrumb","itemListElement":[{"@type":"ListItem","position":1,"name":"Startseite","item":"https:\/\/trade-mueller-dev.startupblitz.de\/fr\/"},{"@type":"ListItem","position":2,"name":"Shop","item":"https:\/\/trade-mueller-dev.startupblitz.de\/fr\/shop\/"},{"@type":"ListItem","position":3,"name":"Tunique femme"}]},{"@type":"WebSite","@id":"https:\/\/trade-mueller-dev.startupblitz.de\/fr\/#website","url":"https:\/\/trade-mueller-dev.startupblitz.de\/fr\/","name":"M\u00fcller Trade","description":"IHR B2B SHOP F\u00dcR BERUFSBEKLEIDUNG","publisher":{"@id":"https:\/\/trade-mueller-dev.startupblitz.de\/fr\/#organization"},"potentialAction":[{"@type":"SearchAction","target":{"@type":"EntryPoint","urlTemplate":"https:\/\/trade-mueller-dev.startupblitz.de\/fr\/?s={search_term_string}"},"query-input":{"@type":"PropertyValueSpecification","valueRequired":true,"valueName":"search_term_string"}}],"inLanguage":"fr-FR"},{"@type":"Organization","@id":"https:\/\/trade-mueller-dev.startupblitz.de\/fr\/#organization","name":"M\u00fcller Trade Corporate Clothing","url":"https:\/\/trade-mueller-dev.startupblitz.de\/fr\/","logo":{"@type":"ImageObject","inLanguage":"fr-FR","@id":"https:\/\/trade-mueller-dev.startupblitz.de\/fr\/#\/schema\/logo\/image\/","url":"https:\/\/trade-mueller-dev.startupblitz.de\/wp-content\/uploads\/sites\/2\/cropped-cropped-mt-icon.png","contentUrl":"https:\/\/trade-mueller-dev.startupblitz.de\/wp-content\/uploads\/sites\/2\/cropped-cropped-mt-icon.png","width":512,"height":512,"caption":"M\u00fcller Trade Corporate Clothing"},"image":{"@id":"https:\/\/trade-mueller-dev.startupblitz.de\/fr\/#\/schema\/logo\/image\/"}}]}},"brands":[{"id":4553,"name":"CG","slug":"cg-fr"}],"_links":{"self":[{"href":"https:\/\/trade-mueller-dev.startupblitz.de\/fr\/wp-json\/wp\/v2\/product\/247461","targetHints":{"allow":["GET"]}}],"collection":[{"href":"https:\/\/trade-mueller-dev.startupblitz.de\/fr\/wp-json\/wp\/v2\/product"}],"about":[{"href":"https:\/\/trade-mueller-dev.startupblitz.de\/fr\/wp-json\/wp\/v2\/types\/product"}],"wp:featuredmedia":[{"embeddable":true,"href":"https:\/\/trade-mueller-dev.startupblitz.de\/fr\/wp-json\/wp\/v2\/media\/4604"}],"wp:attachment":[{"href":"https:\/\/trade-mueller-dev.startupblitz.de\/fr\/wp-json\/wp\/v2\/media?parent=247461"}],"wp:term":[{"taxonomy":"pwb-brand","embeddable":true,"href":"https:\/\/trade-mueller-dev.startupblitz.de\/fr\/wp-json\/wp\/v2\/pwb-brand?post=247461"},{"taxonomy":"product_brand","embeddable":true,"href":"https:\/\/trade-mueller-dev.startupblitz.de\/fr\/wp-json\/wp\/v2\/product_brand?post=247461"},{"taxonomy":"product_cat","embeddable":true,"href":"https:\/\/trade-mueller-dev.startupblitz.de\/fr\/wp-json\/wp\/v2\/product_cat?post=247461"},{"taxonomy":"product_tag","embeddable":true,"href":"https:\/\/trade-mueller-dev.startupblitz.de\/fr\/wp-json\/wp\/v2\/product_tag?post=247461"}],"curies":[{"name":"wp","href":"https:\/\/api.w.org\/{rel}","templated":true}]}}